{"id":2324,"date":"2018-07-17T06:17:11","date_gmt":"2018-07-17T06:17:11","guid":{"rendered":"http:\/\/leadbeauty.newbtb.com\/?post_type=product&#038;p=2324"},"modified":"2019-07-06T15:04:47","modified_gmt":"2019-07-06T07:04:47","slug":"flacons-de-parfum-en-verre-bleu","status":"publish","type":"product","link":"https:\/\/esanbottle.com\/fr\/product\/flacons-de-parfum-en-verre-bleu\/","title":{"rendered":"Flacons de parfum en verre bleu"},"content":{"rendered":"<p>Le feu de s\u00e9curit\u00e9 lin\u00e9aire AA96 est sp\u00e9cialement con\u00e7u pour les chariots \u00e9l\u00e9vateurs. En formant des lignes droites et r\u00e9guli\u00e8res \u00e0 l&#039;arri\u00e8re et sur les c\u00f4t\u00e9s, il alerte les pi\u00e9tons et les autres v\u00e9hicules de l&#039;approche d&#039;un virage sans visibilit\u00e9. Associ\u00e9 au feu de s\u00e9curit\u00e9 lin\u00e9aire AA95, il projette une zone d&#039;avertissement au sol, \u00e0 une distance de s\u00e9curit\u00e9 suffisante autour du chariot. Il prot\u00e8ge ainsi les pi\u00e9tons des blessures aux pieds et des collisions, et constitue un syst\u00e8me complet d&#039;alerte pi\u00e9ton pour les chariots \u00e9l\u00e9vateurs et les entrep\u00f4ts.<\/p>\n<h4>Caract\u00e9ristiques<\/h4>\n<div class=\"features-list\">\n<ul>\n<li>Plages de tension : 10 \u00e0 80 V, convient \u00e0 diff\u00e9rents types de chariots \u00e9l\u00e9vateurs<\/li>\n<li>La lentille PC durable minimise les dommages environnementaux<\/li>\n<li>Le bo\u00eetier en aluminium permet une dissipation efficace de la chaleur et prolonge consid\u00e9rablement la dur\u00e9e de vie<\/li>\n<li>Avec les bords carr\u00e9s lisses \u00e9clairant \u00e0 l&#039;arri\u00e8re et sur les deux c\u00f4t\u00e9s du chariot \u00e9l\u00e9vateur<\/li>\n<li>La longueur de la ligne droite est r\u00e9glable<\/li>\n<li>Peut \u00eatre utilis\u00e9 en combinaison avec une lampe de s\u00e9curit\u00e9 \u00e0 arc selon les besoins<\/li>\n<li>Garantie 3 ans.<\/li>\n<\/ul>\n<\/div>","protected":false},"excerpt":{"rendered":"<p>Volume : 20 ml 30 ml 40 ml 50 ml<\/p>\n<p>US $0.55-0.6 \/ Pi\u00e8ces<\/p>\n<p>Poids : 42g 138g 140g<\/p>\n<p>10\u00a0000 pi\u00e8ces (commande minimum)<\/p>\n<p>Bienvenue OEM ODM<\/p>","protected":false},"featured_media":2329,"comment_status":"open","ping_status":"closed","template":"","meta":{"jetpack_post_was_ever_published":false},"product_brand":[],"product_cat":[33],"product_tag":[],"yst_prominent_words":[],"class_list":{"0":"post-2324","1":"product","2":"type-product","3":"status-publish","4":"has-post-thumbnail","6":"product_cat-perfume-bottles","8":"first","9":"instock","10":"shipping-taxable","11":"product-type-simple"},"jetpack_sharing_enabled":true,"_links":{"self":[{"href":"https:\/\/esanbottle.com\/fr\/wp-json\/wp\/v2\/product\/2324","targetHints":{"allow":["GET"]}}],"collection":[{"href":"https:\/\/esanbottle.com\/fr\/wp-json\/wp\/v2\/product"}],"about":[{"href":"https:\/\/esanbottle.com\/fr\/wp-json\/wp\/v2\/types\/product"}],"replies":[{"embeddable":true,"href":"https:\/\/esanbottle.com\/fr\/wp-json\/wp\/v2\/comments?post=2324"}],"wp:featuredmedia":[{"embeddable":true,"href":"https:\/\/esanbottle.com\/fr\/wp-json\/wp\/v2\/media\/2329"}],"wp:attachment":[{"href":"https:\/\/esanbottle.com\/fr\/wp-json\/wp\/v2\/media?parent=2324"}],"wp:term":[{"taxonomy":"product_brand","embeddable":true,"href":"https:\/\/esanbottle.com\/fr\/wp-json\/wp\/v2\/product_brand?post=2324"},{"taxonomy":"product_cat","embeddable":true,"href":"https:\/\/esanbottle.com\/fr\/wp-json\/wp\/v2\/product_cat?post=2324"},{"taxonomy":"product_tag","embeddable":true,"href":"https:\/\/esanbottle.com\/fr\/wp-json\/wp\/v2\/product_tag?post=2324"},{"taxonomy":"yst_prominent_words","embeddable":true,"href":"https:\/\/esanbottle.com\/fr\/wp-json\/wp\/v2\/yst_prominent_words?post=2324"}],"curies":[{"name":"wp","href":"https:\/\/api.w.org\/{rel}","templated":true}]}}