{"id":918,"date":"2018-03-22T05:47:11","date_gmt":"2018-03-22T05:47:11","guid":{"rendered":"http:\/\/leadbeauty.newbtb.com\/?page_id=918"},"modified":"2018-03-22T05:47:11","modified_gmt":"2018-03-22T05:47:11","slug":"plan-du-site","status":"publish","type":"page","link":"https:\/\/esanbottle.com\/fr\/plan-du-site\/","title":{"rendered":"Plan du site"},"content":{"rendered":"<pre><div class=\"kwayy-html-sitemap-wrapper\"><h2 class=\"kwayy-html-sitemap-post-title kwayy-post-title\">Articles<\/h2><ul class=\"kwayy-html-sitemap-post-list kwayy-post-list\"><ul><li><a href=\"https:\/\/esanbottle.com\/fr\/blog-11\/\">Le processus automatis\u00e9 de s\u00e9rigraphie \u00e0 tube de traction<\/a><\/li><li><a href=\"https:\/\/esanbottle.com\/fr\/blog-9\/\">Le processus de fabrication d&#039;un flacon en verre dans une usine de flacons de parfum<\/a><\/li><li><a href=\"https:\/\/esanbottle.com\/fr\/top-10-des-fabricants-de-flacons-de-parfum-en-chine\/\">TOP 10 des fabricants de flacons de parfum en Chine<\/a><\/li><li><a href=\"https:\/\/esanbottle.com\/fr\/notre-journal-de-production-de-flacons-de-parfum\/\">Notre journal de production de flacons de parfum avril<\/a><\/li><li><a href=\"https:\/\/esanbottle.com\/fr\/blog-12\/\">Processus d&#039;impression de la machine d&#039;impression automatique de flacons de parfum<\/a><\/li><li><a href=\"https:\/\/esanbottle.com\/fr\/blog-1\/\">Et E&amp;San Perfume Bottle Company\u00a0? Pr\u00e9sentation d\u00e9taill\u00e9e.<\/a><\/li><li><a href=\"https:\/\/esanbottle.com\/fr\/blog-2\/\">La perspective de Dieu pour vous montrer l&#039;ext\u00e9rieur de notre usine de flacons de parfum<\/a><\/li><li><a href=\"https:\/\/esanbottle.com\/fr\/blog-3\/\">Nous avons toutes les bouteilles que vous d\u00e9sirez, des flacons de parfum en verre de chez E&amp;San<\/a><\/li><li><a href=\"https:\/\/esanbottle.com\/fr\/blog-4\/\">Mon Dieu, le flacon de parfum est en fait fait de sable. L&#039;avez-vous d\u00e9j\u00e0 vu\u00a0? E&amp;San vous le montre.<\/a><\/li><li><a href=\"https:\/\/esanbottle.com\/fr\/blog-5\/\">Des flacons de parfum ont \u00e9t\u00e9 produits pour commencer \u00e0 se d\u00e9charger et \u00e0 se transf\u00e9rer, ils ont l&#039;air tr\u00e8s rouges et toujours br\u00fblants, mdr~<\/a><\/li><li><a href=\"https:\/\/esanbottle.com\/fr\/blog-6\/\">Comment produire des flacons de parfum en verre gr\u00e2ce au syst\u00e8me de gestion de la qualit\u00e9 strict d&#039;E&amp;SAN<\/a><\/li><li><a href=\"https:\/\/esanbottle.com\/fr\/vacances-pendant-le-nouvel-an\/\">Vacances pendant le Nouvel An<\/a><\/li><li><a href=\"https:\/\/esanbottle.com\/fr\/blog-7\/\">Appr\u00e9ciez l&#039;art de l&#039;industrie. Plus de 10\u00a0000 moules pour flacons de parfum. Rythme musical.<\/a><\/li><li><a href=\"https:\/\/esanbottle.com\/fr\/au-plaisir-de-vous-rencontrer-au-vietnam\/\">Au plaisir de vous rencontrer au Vietnam<\/a><\/li><li><a href=\"https:\/\/esanbottle.com\/fr\/nous-sommes-ravis-de-vous-inviter-a-nous-rencontrer-a-beautyworld-saudi-arabia-2025\/\">Nous sommes ravis de vous inviter \u00e0 nous rencontrer au beautyworld Saudi Arabia 2025 !<\/a><\/li><li><a href=\"https:\/\/esanbottle.com\/fr\/invitation-a-lexposition-de-dubai\/\">\u3010Invitation\u3011?Rejoignez-nous \u00e0 Beautyworld Middle East, Duba\u00ef\u00a0!?<\/a><\/li><li><a href=\"https:\/\/esanbottle.com\/fr\/2022-9-5kazakhstan\/\">Chargement d&#039;un conteneur vers le Kazakhstan le 5 septembre 2022<\/a><\/li><li><a href=\"https:\/\/esanbottle.com\/fr\/emballage-de-parfum-personnalise-choses-a-savoir\/\">Emballage de parfum personnalis\u00e9\u00a0: ce que vous devez savoir<\/a><\/li><li><a href=\"https:\/\/esanbottle.com\/fr\/introduction-aux-differents-types-dhuiles-essentielles\/\">Introduction aux diff\u00e9rents types d&#039;huiles essentielles<\/a><\/li><li><a href=\"https:\/\/esanbottle.com\/fr\/dans-les-cosmetiques-en-asie\/\">Nous vous attendons \u00e0 In-Cosmetics Asia \u00e0 Bangkok !<\/a><\/li><li><a href=\"https:\/\/esanbottle.com\/fr\/nous-vous-attendons-au-vietnam\/\">Nous vous attendons au Vietnam !<\/a><\/li><li><a href=\"https:\/\/esanbottle.com\/fr\/guide-rapide-pour-demarrer-votre-propre-ligne-de-parfums\/\">Guide rapide pour d\u00e9marrer votre propre ligne de parfums<\/a><\/li><li><a href=\"https:\/\/esanbottle.com\/fr\/cosmoprof-asie\/\">Nous participerons bient\u00f4t au Cosmoprof Asia.<\/a><\/li><li><a href=\"https:\/\/esanbottle.com\/fr\/blog-10\/\">processus de production d&#039;accessoires pour compte-gouttes<\/a><\/li><li><a href=\"https:\/\/esanbottle.com\/fr\/notre-entreprise-a-dubai\/\">Notre entreprise \u00e0 Duba\u00ef<\/a><\/li><li><a href=\"https:\/\/esanbottle.com\/fr\/join-us-at-the-dubai-perfume-exhibition-booth-z3-g16\/\">Join Us at the Dubai Perfume Exhibition \u2013 Booth Z3-G16!<\/a><\/li><li><a href=\"https:\/\/esanbottle.com\/fr\/blog-8\/\">remplacement du bouchon du flacon de parfum Conception personnalis\u00e9e<\/a><\/li><\/ul><\/ul><h2 class=\"kwayy-html-sitemap-post-title kwayy-page-title\">Pages<\/h2><ul class=\"kwayy-html-sitemap-post-list kwayy-page-list\"><ul><li><a href=\"https:\/\/esanbottle.com\/fr\/liste-des-fabricants-de-flacons-de-parfum\/\">Liste des 100 meilleurs fabricants de flacons de parfum<\/a><\/li><li><a href=\"https:\/\/esanbottle.com\/fr\/perfume-bottle-manufacturer-capabilities\/\">Perfume Bottle Manufacturer Capabilities<\/a><\/li><li><a href=\"https:\/\/esanbottle.com\/fr\/oem-odm-perfume-bottle-manufacturer\/\">OEM and ODM Perfume Bottle Development<\/a><\/li><li><a href=\"https:\/\/esanbottle.com\/fr\/perfume-bottle-manufacturer-faq\/\">Perfume Bottle Manufacturer FAQ<\/a><\/li><li><a href=\"https:\/\/esanbottle.com\/fr\/stock-vs-custom-perfume-bottle\/\">Stock Bottle vs Custom Perfume Bottle<\/a><\/li><li><a href=\"https:\/\/esanbottle.com\/fr\/flacon-de-parfum-de-voyage-en-aluminium\/\">Flacon de parfum de voyage en aluminium<\/a><\/li><li><a href=\"https:\/\/esanbottle.com\/fr\/bouteille-dhuile-essentielle\/\">Bouteille d&#039;huile essentielle<\/a><\/li><li><a href=\"https:\/\/esanbottle.com\/fr\/bouteille-fantaisie\/\">Bouteille fantaisie montrant<\/a><\/li><li><a href=\"https:\/\/esanbottle.com\/fr\/flacon-diffuseur-en-verre\/\">Flacon diffuseur en verre<\/a><\/li><li><a href=\"https:\/\/esanbottle.com\/fr\/bouteille-de-parfum-en-verre-propre\/\">Bouteille de parfum en verre propre<\/a><\/li><li><a href=\"https:\/\/esanbottle.com\/fr\/catalogue-de-produits\/\">Catalogue de produits<\/a><\/li><li><a href=\"https:\/\/esanbottle.com\/fr\/couleur-du-flacon-de-parfum-en-verre\/\">Couleur du flacon de parfum en verre<\/a><\/li><li><a href=\"https:\/\/esanbottle.com\/fr\/bouteille-de-desinfectant-pour-les-mains\/\">Bouteille de d\u00e9sinfectant pour les mains<\/a><\/li><li><a href=\"https:\/\/esanbottle.com\/fr\/pot\/\">Pot<\/a><\/li><li><a href=\"https:\/\/esanbottle.com\/fr\/capuchon\/\">Capuchon<\/a><\/li><li><a href=\"https:\/\/esanbottle.com\/fr\/vaporisateur-en-plastique\/\">Bouteille de pulv\u00e9risation en plastique<\/a><\/li><li><a href=\"https:\/\/esanbottle.com\/fr\/pompe\/\">Pompe<\/a><\/li><li><a href=\"https:\/\/esanbottle.com\/fr\/flacon-a-bille\/\">Flacon \u00e0 bille<\/a><\/li><li><a href=\"https:\/\/esanbottle.com\/fr\/stock-disponible\/\">Stock disponible<\/a><\/li><li><a href=\"https:\/\/esanbottle.com\/fr\/a-propos\/\">\u00c0 propos<\/a><\/li><li><a href=\"https:\/\/esanbottle.com\/fr\/nouveau-design\/\">Nouveau design<\/a><\/li><li><a href=\"https:\/\/esanbottle.com\/fr\/produit-le-plus-vendu\/\">Produit tr\u00e8s vendu<\/a><\/li><li><a href=\"https:\/\/esanbottle.com\/fr\/serie-daccessoires\/\">S\u00e9rie d&#039;accessoires<\/a><\/li><li><a href=\"https:\/\/esanbottle.com\/fr\/blog\/\">Blog<\/a><\/li><li><a href=\"https:\/\/esanbottle.com\/fr\/page-de-blog\/\">Page de blog<\/a><\/li><li><a href=\"https:\/\/esanbottle.com\/fr\/pt365c\/\">PT365C<\/a><\/li><li><a href=\"https:\/\/esanbottle.com\/fr\/contact\/\">Contact<\/a><\/li><li><a href=\"https:\/\/esanbottle.com\/fr\/pt365-20-ml-forme-de-bouteille-ronde-droite-cadeau-personnalise-mini-bouteille-de-parfum-en-verre-vide-20-ml-couleur-sp\/\">PT365-20 ml forme de bouteille ronde droite cadeau personnalis\u00e9 vide mini bouteille de parfum en verre 20 ml couleur Sp<\/a><\/li><li><a href=\"https:\/\/esanbottle.com\/fr\/expositions-universelles\/\">Vous \u00eates cordialement invit\u00e9 \u00e0 l&#039;exposition mondiale de la bouteille Esan<\/a><\/li><li><a href=\"https:\/\/esanbottle.com\/fr\/product\/\">Produit<\/a><\/li><li><a href=\"https:\/\/esanbottle.com\/fr\/notre-fournisseur-dequipe\/\">\u00c9quipe en ligne de fournisseurs de flacons de parfum<\/a><\/li><li><a href=\"https:\/\/esanbottle.com\/fr\/faq\/\">FAQ<\/a><\/li><li><a href=\"https:\/\/esanbottle.com\/fr\/video-des-fabricants\/\">Vid\u00e9o<\/a><\/li><li><a href=\"https:\/\/esanbottle.com\/fr\/\">Maison<\/a><\/li><li><a href=\"https:\/\/esanbottle.com\/fr\/flacon-de-parfum-de-marque-en-verre\/\">Flacon de parfum de marque en verre<\/a><\/li><li><a href=\"https:\/\/esanbottle.com\/fr\/merci\/\">Merci<\/a><\/li><li><a href=\"https:\/\/esanbottle.com\/fr\/facebook\/\">Facebook<\/a><\/li><li><a href=\"https:\/\/esanbottle.com\/fr\/politique-de-confidentialite\/\">politique de confidentialit\u00e9<\/a><\/li><li><a href=\"https:\/\/esanbottle.com\/fr\/termes-et-conditions\/\">Termes et conditions<\/a><\/li><\/ul><\/ul><\/div> <!-- .kwayy-html-sitemap-wrapper --><\/pre>","protected":false},"excerpt":{"rendered":"","protected":false},"author":1,"featured_media":0,"parent":0,"menu_order":0,"comment_status":"closed","ping_status":"closed","template":"","meta":{"jetpack_post_was_ever_published":false,"footnotes":""},"yst_prominent_words":[],"class_list":["post-918","page","type-page","status-publish","hentry"],"jetpack_sharing_enabled":true,"_links":{"self":[{"href":"https:\/\/esanbottle.com\/fr\/wp-json\/wp\/v2\/pages\/918","targetHints":{"allow":["GET"]}}],"collection":[{"href":"https:\/\/esanbottle.com\/fr\/wp-json\/wp\/v2\/pages"}],"about":[{"href":"https:\/\/esanbottle.com\/fr\/wp-json\/wp\/v2\/types\/page"}],"author":[{"embeddable":true,"href":"https:\/\/esanbottle.com\/fr\/wp-json\/wp\/v2\/users\/1"}],"replies":[{"embeddable":true,"href":"https:\/\/esanbottle.com\/fr\/wp-json\/wp\/v2\/comments?post=918"}],"version-history":[{"count":0,"href":"https:\/\/esanbottle.com\/fr\/wp-json\/wp\/v2\/pages\/918\/revisions"}],"wp:attachment":[{"href":"https:\/\/esanbottle.com\/fr\/wp-json\/wp\/v2\/media?parent=918"}],"wp:term":[{"taxonomy":"yst_prominent_words","embeddable":true,"href":"https:\/\/esanbottle.com\/fr\/wp-json\/wp\/v2\/yst_prominent_words?post=918"}],"curies":[{"name":"wp","href":"https:\/\/api.w.org\/{rel}","templated":true}]}}