{"id":8805,"date":"2021-04-20T16:08:10","date_gmt":"2021-04-20T08:08:10","guid":{"rendered":"https:\/\/esanbottle.com\/?page_id=8805"},"modified":"2021-04-20T16:08:10","modified_gmt":"2021-04-20T08:08:10","slug":"pt365-20-ml-forme-de-bouteille-ronde-droite-cadeau-personnalise-mini-bouteille-de-parfum-en-verre-vide-20-ml-couleur-sp","status":"publish","type":"page","link":"https:\/\/esanbottle.com\/fr\/pt365-20-ml-forme-de-bouteille-ronde-droite-cadeau-personnalise-mini-bouteille-de-parfum-en-verre-vide-20-ml-couleur-sp\/","title":{"rendered":"PT365-20 ml forme de bouteille ronde droite cadeau personnalis\u00e9 vide mini bouteille de parfum en verre 20 ml couleur Sp"},"content":{"rendered":"<div style=\"width: 640px;\" class=\"wp-video\"><video class=\"wp-video-shortcode\" id=\"video-8805-1\" width=\"640\" height=\"360\" preload=\"metadata\" controls=\"controls\"><source type=\"video\/mp4\" src=\"https:\/\/b.globalsources.com\/video\/2\/P8856293686_768452.mp4?_=1\" \/><a href=\"https:\/\/b.globalsources.com\/video\/2\/P8856293686_768452.mp4\">https:\/\/b.globalsources.com\/video\/2\/P8856293686_768452.mp4<\/a><\/video><\/div>\n<p><img decoding=\"async\" src=\"https:\/\/p.globalsources.com\/IMAGES\/PDT\/B1182003736\/perfume-bottle.jpg\" alt=\"ChinaPT365-20 ml forme de bouteille ronde droite cadeau personnalis\u00e9 vide mini bouteille de parfum en verre 20 ml couleur Sp\" \/><img decoding=\"async\" src=\"https:\/\/p.globalsources.com\/IMAGES\/PDT\/B5111810022\/perfume-bottle.jpg\" alt=\"ChinaPT365-20 ml forme de bouteille ronde droite cadeau personnalis\u00e9 vide mini bouteille de parfum en verre 20 ml couleur Sp\" \/><img decoding=\"async\" src=\"https:\/\/p.globalsources.com\/IMAGES\/PDT\/B5111810027\/perfume-bottle.jpg\" alt=\"ChinaPT365-20 ml forme de bouteille ronde droite cadeau personnalis\u00e9 vide mini bouteille de parfum en verre 20 ml couleur Sp\" \/><img decoding=\"async\" src=\"https:\/\/p.globalsources.com\/IMAGES\/PDT\/B5111810030\/perfume-bottle.jpg\" alt=\"ChinaPT365-20 ml forme de bouteille ronde droite cadeau personnalis\u00e9 vide mini bouteille de parfum en verre 20 ml couleur Sp\" \/><img decoding=\"async\" src=\"https:\/\/p.globalsources.com\/IMAGES\/PDT\/B5111810035\/perfume-bottle.jpg\" alt=\"ChinaPT365-20 ml forme de bouteille ronde droite cadeau personnalis\u00e9 vide mini bouteille de parfum en verre 20 ml couleur Sp\" \/><img decoding=\"async\" src=\"https:\/\/p.globalsources.com\/IMAGES\/PDT\/B5111810039\/perfume-bottle.jpg\" alt=\"ChinaPT365-20 ml forme de bouteille ronde droite cadeau personnalis\u00e9 vide mini bouteille de parfum en verre 20 ml couleur Sp\" \/><\/p>\n<h3 class=\"pp_secSubTit\">Sp\u00e9cifications principales\/Caract\u00e9ristiques sp\u00e9ciales\u00a0:<\/h3>\n<div class=\"txt_edit_area\">\n<ul>\n<li>Valeur de l&#039;article<\/li>\n<li>Peintures en a\u00e9rosol pour la manutention de surface<\/li>\n<li>Soins personnels \u00e0 usage industriel<\/li>\n<li>Mat\u00e9riau de base Verre<\/li>\n<li>Mat\u00e9riau du corps Verre<\/li>\n<li>Mat\u00e9riau du collier N\u00e9buliseur en aluminium + capuchon UV<\/li>\n<li>PULV\u00c9RISATEUR \u00c0 POMPE \u00c0 JOINT<\/li>\n<li>Utiliser du PARFUM<\/li>\n<li>Lieu d&#039;origine ZHEjiang<\/li>\n<li>Num\u00e9ro de mod\u00e8le PT365-20ml<\/li>\n<li>Nom de marque ESAn<\/li>\n<\/ul>\n<\/div>\n<div class=\"tpl_cont\">\n<div class=\"tpl_cmTpl tpl_vImg clearfix\">\n<div class=\"tpl_img_uploadWrap tpl_img_uploaded\"><img decoding=\"async\" class=\"tpl_img_uploaded_img lazy\" src=\"https:\/\/p.globalsources.com\/IMAGES\/PDT\/B5111810017\/perfume-bottle.jpg\" alt=\"\" data-original=\"https:\/\/p.globalsources.com\/IMAGES\/PDT\/B5111810017\/perfume-bottle.jpg\" \/><\/div>\n<div class=\"tpl_txt_editor tpl_cmEditor\"><\/div>\n<\/div>\n<div class=\"tpl_cmTpl tpl_sImg_sImg clearfix\">\n<div class=\"tpl_img_col\">\n<div class=\"tpl_img_uploadWrap tpl_img_uploaded\"><img decoding=\"async\" class=\"tpl_img_uploaded_img lazy\" src=\"https:\/\/p.globalsources.com\/IMAGES\/PDT\/B5111810025\/perfume-bottle.jpg\" alt=\"\" data-original=\"https:\/\/p.globalsources.com\/IMAGES\/PDT\/B5111810025\/perfume-bottle.jpg\" \/><\/div>\n<div class=\"tpl_txt_editor tpl_cmEditor\"><\/div>\n<\/div>\n<div class=\"tpl_img_col\">\n<div class=\"tpl_img_uploadWrap tpl_img_uploaded\"><img decoding=\"async\" class=\"tpl_img_uploaded_img lazy\" src=\"https:\/\/p.globalsources.com\/IMAGES\/PDT\/B5111810026\/perfume-bottle.jpg\" alt=\"\" data-original=\"https:\/\/p.globalsources.com\/IMAGES\/PDT\/B5111810026\/perfume-bottle.jpg\" \/><\/div>\n<div class=\"tpl_txt_editor tpl_cmEditor\"><\/div>\n<\/div>\n<\/div>\n<div class=\"tpl_cmTpl tpl_sImg_sImg clearfix\">\n<div class=\"tpl_img_col\">\n<div class=\"tpl_img_uploadWrap tpl_img_uploaded\"><img decoding=\"async\" class=\"tpl_img_uploaded_img lazy\" src=\"https:\/\/p.globalsources.com\/IMAGES\/PDT\/B5111810033\/perfume-bottle.jpg\" alt=\"\" data-original=\"https:\/\/p.globalsources.com\/IMAGES\/PDT\/B5111810033\/perfume-bottle.jpg\" \/><\/div>\n<div class=\"tpl_txt_editor tpl_cmEditor\"><\/div>\n<\/div>\n<div class=\"tpl_img_col\">\n<div class=\"tpl_img_uploadWrap tpl_img_uploaded\"><img decoding=\"async\" class=\"tpl_img_uploaded_img lazy\" src=\"https:\/\/p.globalsources.com\/IMAGES\/PDT\/B5111810034\/perfume-bottle.jpg\" alt=\"\" data-original=\"https:\/\/p.globalsources.com\/IMAGES\/PDT\/B5111810034\/perfume-bottle.jpg\" \/><\/div>\n<div class=\"tpl_txt_editor tpl_cmEditor\"><\/div>\n<\/div>\n<\/div>\n<div class=\"tpl_cmTpl tpl_blueTable clearfix\">\n<div class=\"tpl_table_editor tpl_cmEditor\">\n<table>\n<tbody>\n<tr>\n<td>article<\/td>\n<td>valeur<\/td>\n<td>\n<ul>\n<li>Mat\u00e9riau du collier<\/li>\n<\/ul>\n<\/td>\n<td>Aluminium+UV<\/td>\n<\/tr>\n<tr>\n<td>Manutention de surface<\/td>\n<td>couleurs en a\u00e9rosol<\/td>\n<td>\n<ul>\n<li>Type d&#039;\u00e9tanch\u00e9it\u00e9<\/li>\n<\/ul>\n<\/td>\n<td>PULV\u00c9RISATEUR \u00c0 POMPE<\/td>\n<\/tr>\n<tr>\n<td>Utilisation industrielle<\/td>\n<td>Soins personnels<\/td>\n<td>\n<ul>\n<li>Utiliser<\/li>\n<\/ul>\n<\/td>\n<td>PARFUM<\/td>\n<\/tr>\n<tr>\n<td>Mat\u00e9riau de base<\/td>\n<td>Verre<\/td>\n<td>\n<ul>\n<li>Lieu d&#039;origine<\/li>\n<\/ul>\n<\/td>\n<td>Zhejiang<\/td>\n<\/tr>\n<\/tbody>\n<\/table>\n<\/div>\n<\/div>\n<\/div>\n<p><img decoding=\"async\" src=\"https:\/\/p.globalsources.com\/IMAGES\/PDT\/B5111810043\/perfume-bottle.jpg\" alt=\"ChinaPT365-20 ml forme de bouteille ronde droite cadeau personnalis\u00e9 vide mini bouteille de parfum en verre 20 ml couleur Sp\" \/><\/p>","protected":false},"excerpt":{"rendered":"<p>Key Specifications\/Special Features: Item\u00a0\u00a0\u00a0 \u00a0 \u00a0 \u00a0 \u00a0 \u00a0 \u00a0 \u00a0 \u00a0 \u00a0 \u00a0 \u00a0 \u00a0value Surface Handling\u00a0\u00a0\u00a0\u00a0\u00a0\u00a0spray colors Industrial Use\u00a0\u00a0 \u00a0 \u00a0 \u00a0 \u00a0 \u00a0Personal Care Base Material\u00a0\u00a0\u00a0 \u00a0 \u00a0 \u00a0 \u00a0 Glass Body Material\u00a0 \u00a0 \u00a0 \u00a0 \u00a0 \u00a0Glass Collar Material\u00a0\u00a0 \u00a0 \u00a0 \u00a0 \u00a0Aluminum Nebulizer +UV CAP Sealing Type\u00a0 \u00a0 \u00a0 \u00a0 [&hellip;]<\/p>\n","protected":false},"author":2,"featured_media":0,"parent":0,"menu_order":0,"comment_status":"closed","ping_status":"closed","template":"","meta":{"jetpack_post_was_ever_published":false,"footnotes":""},"yst_prominent_words":[],"class_list":["post-8805","page","type-page","status-publish","hentry"],"jetpack_sharing_enabled":true,"_links":{"self":[{"href":"https:\/\/esanbottle.com\/fr\/wp-json\/wp\/v2\/pages\/8805","targetHints":{"allow":["GET"]}}],"collection":[{"href":"https:\/\/esanbottle.com\/fr\/wp-json\/wp\/v2\/pages"}],"about":[{"href":"https:\/\/esanbottle.com\/fr\/wp-json\/wp\/v2\/types\/page"}],"author":[{"embeddable":true,"href":"https:\/\/esanbottle.com\/fr\/wp-json\/wp\/v2\/users\/2"}],"replies":[{"embeddable":true,"href":"https:\/\/esanbottle.com\/fr\/wp-json\/wp\/v2\/comments?post=8805"}],"version-history":[{"count":0,"href":"https:\/\/esanbottle.com\/fr\/wp-json\/wp\/v2\/pages\/8805\/revisions"}],"wp:attachment":[{"href":"https:\/\/esanbottle.com\/fr\/wp-json\/wp\/v2\/media?parent=8805"}],"wp:term":[{"taxonomy":"yst_prominent_words","embeddable":true,"href":"https:\/\/esanbottle.com\/fr\/wp-json\/wp\/v2\/yst_prominent_words?post=8805"}],"curies":[{"name":"wp","href":"https:\/\/api.w.org\/{rel}","templated":true}]}}