{"id":11621,"date":"2023-02-22T16:25:32","date_gmt":"2023-02-22T08:25:32","guid":{"rendered":"https:\/\/esanbottle.com\/?page_id=11621"},"modified":"2023-02-22T16:53:51","modified_gmt":"2023-02-22T08:53:51","slug":"expositions-universelles","status":"publish","type":"page","link":"https:\/\/esanbottle.com\/fr\/expositions-universelles\/","title":{"rendered":"Vous \u00eates cordialement invit\u00e9 \u00e0 l&#039;exposition mondiale de la bouteille Esan"},"content":{"rendered":"<p style=\"text-align: center;\"><span style=\"font-size: 24pt; color: #339966;\">Vous \u00eates cordialement invit\u00e9 \u00e0 l&#039;exposition mondiale de la bouteille Esan<\/span><\/p>\n<div class=\"single-icon-box mb-10\">\n<div class=\"icon-box-content\"><\/div>\n<\/div>\n<div class=\"single-icon-box\">\n<div class=\"icon-box-content\">\n<p>En nous concentrant sur la fabrication de flacons de parfum depuis 15 ans, nous sommes devenus le leader dans le domaine des flacons de parfum en Chine, et afin d&#039;\u00e9largir le march\u00e9 mondial, nous avons ouvert une filiale \u00e0 Duba\u00ef pour participer \u00e0 des expositions dans le monde.<\/p>\n<div class=\"single-icon-box mb-10\">\n<div class=\"icon-box-content\">\n<h3 class=\"title\" style=\"text-align: right;\">CONTACT<\/h3>\n<p class=\"content\" style=\"text-align: right;\">Bureau : (86) 13355791639<\/p>\n<\/div>\n<\/div>\n<div class=\"single-icon-box\">\n<div class=\"icon-box-content\">\n<p class=\"content\" style=\"text-align: right;\">Courriel\u00a0: kevin.guo@esanbottle.com<\/p>\n<\/div>\n<\/div>\n<p style=\"text-align: center;\">\n<\/div>\n<\/div>\n<table style=\"border-collapse: collapse; width: 100%; height: 322px;\">\n<tbody>\n<tr style=\"height: 25px;\">\n<td style=\"width: 19.6969%; height: 81px;\"><span style=\"font-size: 12pt;\">27 juillet - 29 juillet 2023<\/span><\/td>\n<td style=\"width: 34.7042%; height: 81px;\"><span style=\"font-size: 12pt;\">Ho Chi Minh Beauty Expo 2023 au Vietnam<\/span><\/td>\n<td style=\"width: 45.5988%; height: 81px;\"><span style=\"font-size: 12pt;\">Vietnam \u2013 Ho Chi Minh Ville \u2013 799 Nguyen Van Linh, quartier Tan Phu, Dist 7 \u2013 Centre de congr\u00e8s de Ho Chi Minh Saigon<\/span><\/td>\n<\/tr>\n<tr style=\"height: 24px;\">\n<td style=\"width: 19.6969%; height: 66px;\"><span style=\"font-size: 12pt;\">Du 7 au 9 novembre 2023<\/span><\/td>\n<td style=\"width: 34.7042%; height: 66px;\"><span style=\"font-size: 12pt;\">Salon de l&#039;emballage cosm\u00e9tique 2023 \u00e0 Bangkok, Tha\u00eflande<\/span><\/td>\n<td style=\"width: 45.5988%; height: 66px;\"><span style=\"font-size: 12pt;\">Tha\u00eflande-Bangkok-88 Bangna-Trad Road, Bangna, Bangkok 10260-Bangkok International Trade &amp; Exhibition Centre<\/span><\/td>\n<\/tr>\n<tr style=\"height: 24px;\">\n<td style=\"width: 19.6969%; height: 50px;\"><span style=\"font-size: 12pt;\">30 octobre - 1er novembre 2023<\/span><\/td>\n<td style=\"width: 34.7042%; height: 50px;\"><span style=\"font-size: 12pt;\">Salon international de la beaut\u00e9 du Moyen-Orient (Duba\u00ef) 2023<\/span><\/td>\n<td style=\"width: 45.5988%; height: 50px;\"><span style=\"font-size: 12pt;\">Centre mondial de commerce de Duba\u00ef<\/span><\/td>\n<\/tr>\n<tr style=\"height: 24px;\">\n<td style=\"width: 19.6969%; height: 70px;\"><span style=\"font-size: 12pt;\">Du 15 au 17 novembre 2023<\/span><\/td>\n<td style=\"width: 34.7042%; height: 70px;\"><span style=\"font-size: 12pt;\">Cosmoprof Asie-Pacifique 2023<\/span><\/td>\n<td style=\"width: 45.5988%; height: 70px;\"><span style=\"font-size: 12pt;\">China RTHK \u2013 Hong Kong \u2013 1 Expo Drive, Wanchai District \u2013 Centre des congr\u00e8s et des expositions de Hong Kong<\/span><\/td>\n<\/tr>\n<tr style=\"height: 25px;\">\n<td style=\"width: 19.6969%; height: 55px;\"><span style=\"font-size: 14pt;\"><strong>Temps<\/strong><\/span><\/td>\n<td style=\"width: 34.7042%; height: 55px;\"><span style=\"font-size: 14pt;\"><strong><span style=\"vertical-align: inherit;\"><span style=\"vertical-align: inherit;\">Nom de l&#039;exposition<\/span><\/span><\/strong><\/span><\/td>\n<td style=\"width: 45.5988%; height: 55px;\"><span style=\"font-size: 14pt;\"><strong>Adresse<\/strong><\/span><\/td>\n<\/tr>\n<\/tbody>\n<\/table>\n<p><iframe src=\"\/\/www.youtube.com\/embed\/mPJ0wARzQYw\" width=\"100%\" height=\"314\" allowfullscreen=\"allowfullscreen\"><\/iframe><\/p>\n<p data-wp-editing=\"1\"><img decoding=\"async\" class=\"alignnone size-medium wp-image-11485 jetpack-lazy-image jetpack-lazy-image--handled alignleft\" src=\"https:\/\/esanbottle.com\/wp-content\/uploads\/2022\/12\/24b0a8c1e3020f8ae3163b32728686c2-300x300.jpg\" sizes=\"(max-width: 300px) 100vw, 300px\" srcset=\"https:\/\/esanbottle.com\/wp-content\/uploads\/2022\/12\/24b0a8c1e3020f8ae3163b32728686c2-300x300.jpg 300w, https:\/\/esanbottle.com\/wp-content\/uploads\/2022\/12\/24b0a8c1e3020f8ae3163b32728686c2-1024x1024.jpg 1024w, https:\/\/esanbottle.com\/wp-content\/uploads\/2022\/12\/24b0a8c1e3020f8ae3163b32728686c2-150x150.jpg 150w, https:\/\/esanbottle.com\/wp-content\/uploads\/2022\/12\/24b0a8c1e3020f8ae3163b32728686c2-768x768.jpg 768w, https:\/\/esanbottle.com\/wp-content\/uploads\/2022\/12\/24b0a8c1e3020f8ae3163b32728686c2-1536x1536.jpg 1536w, https:\/\/esanbottle.com\/wp-content\/uploads\/2022\/12\/24b0a8c1e3020f8ae3163b32728686c2-2048x2048.jpg 2048w\" alt=\"\" width=\"300\" height=\"300\" data-lazy-loaded=\"1\" \/> \u00a0<img decoding=\"async\" class=\"alignnone size-medium wp-image-11487 jetpack-lazy-image jetpack-lazy-image--handled alignleft\" src=\"https:\/\/esanbottle.com\/wp-content\/uploads\/2022\/12\/7929f935c98db18aa724fbd50ffe863e-300x300.jpg\" sizes=\"(max-width: 300px) 100vw, 300px\" srcset=\"https:\/\/esanbottle.com\/wp-content\/uploads\/2022\/12\/7929f935c98db18aa724fbd50ffe863e-300x300.jpg 300w, https:\/\/esanbottle.com\/wp-content\/uploads\/2022\/12\/7929f935c98db18aa724fbd50ffe863e-1024x1024.jpg 1024w, https:\/\/esanbottle.com\/wp-content\/uploads\/2022\/12\/7929f935c98db18aa724fbd50ffe863e-150x150.jpg 150w, https:\/\/esanbottle.com\/wp-content\/uploads\/2022\/12\/7929f935c98db18aa724fbd50ffe863e-768x768.jpg 768w, https:\/\/esanbottle.com\/wp-content\/uploads\/2022\/12\/7929f935c98db18aa724fbd50ffe863e-1536x1536.jpg 1536w, https:\/\/esanbottle.com\/wp-content\/uploads\/2022\/12\/7929f935c98db18aa724fbd50ffe863e-2048x2048.jpg 2048w\" alt=\"\" width=\"300\" height=\"300\" data-lazy-loaded=\"1\" \/> \u00a0 <img decoding=\"async\" class=\"alignleft\" src=\"https:\/\/esanbottle.com\/wp-content\/uploads\/2022\/12\/2bafeecda079f6a2ba08cc1b11d52221-300x300.jpg\" \/><\/p>\n<div class=\"jfk-bubble gtx-bubble\" style=\"visibility: visible; left: 10px; top: 57px; opacity: 1;\" role=\"alertdialog\" aria-describedby=\"bubble-2\">\n<div class=\"jfk-bubble-closebtn-id jfk-bubble-closebtn\" tabindex=\"0\" role=\"button\" aria-label=\"Fermer\"><\/div>\n<div class=\"jfk-bubble-arrow-id jfk-bubble-arrow jfk-bubble-arrowup\" style=\"left: 693.312px;\">\n<div class=\"jfk-bubble-arrowimplbefore\">\n<div class=\"single-icon-box mb-10\">\n<div class=\"icon-box-content\"><\/div>\n<\/div>\n<div class=\"single-icon-box\">\n<div class=\"icon-box-content\">\n<p class=\"content\" style=\"text-align: right;\">\n<\/div>\n<\/div>\n<\/div>\n<div class=\"jfk-bubble-arrowimplafter\"><\/div>\n<\/div>\n<\/div>","protected":false},"excerpt":{"rendered":"<p>You are cordially invited to Esan bottle&#8217;s world exhibition Focusing on perfume bottle manufacturing for 15 years, we have become the head in the field of perfume bottles in China, and in order to expand the world market, we opened a subsidiary in Dubai to participate in exhibitions to the world CONTACT Office: (86) 13355791639 [&hellip;]<\/p>\n","protected":false},"author":1,"featured_media":0,"parent":0,"menu_order":0,"comment_status":"closed","ping_status":"closed","template":"","meta":{"jetpack_post_was_ever_published":false,"footnotes":""},"yst_prominent_words":[],"class_list":["post-11621","page","type-page","status-publish","hentry"],"jetpack_sharing_enabled":true,"_links":{"self":[{"href":"https:\/\/esanbottle.com\/fr\/wp-json\/wp\/v2\/pages\/11621","targetHints":{"allow":["GET"]}}],"collection":[{"href":"https:\/\/esanbottle.com\/fr\/wp-json\/wp\/v2\/pages"}],"about":[{"href":"https:\/\/esanbottle.com\/fr\/wp-json\/wp\/v2\/types\/page"}],"author":[{"embeddable":true,"href":"https:\/\/esanbottle.com\/fr\/wp-json\/wp\/v2\/users\/1"}],"replies":[{"embeddable":true,"href":"https:\/\/esanbottle.com\/fr\/wp-json\/wp\/v2\/comments?post=11621"}],"version-history":[{"count":12,"href":"https:\/\/esanbottle.com\/fr\/wp-json\/wp\/v2\/pages\/11621\/revisions"}],"predecessor-version":[{"id":11642,"href":"https:\/\/esanbottle.com\/fr\/wp-json\/wp\/v2\/pages\/11621\/revisions\/11642"}],"wp:attachment":[{"href":"https:\/\/esanbottle.com\/fr\/wp-json\/wp\/v2\/media?parent=11621"}],"wp:term":[{"taxonomy":"yst_prominent_words","embeddable":true,"href":"https:\/\/esanbottle.com\/fr\/wp-json\/wp\/v2\/yst_prominent_words?post=11621"}],"curies":[{"name":"wp","href":"https:\/\/api.w.org\/{rel}","templated":true}]}}