{"id":4792,"date":"2019-05-29T14:43:17","date_gmt":"2019-05-29T06:43:17","guid":{"rendered":"http:\/\/leadbeauty.newbtb.com\/?post_type=product&#038;p=4792"},"modified":"2019-07-05T18:57:46","modified_gmt":"2019-07-05T10:57:46","slug":"frascos-de-perfume-de-vidrio-azul-03","status":"publish","type":"product","link":"https:\/\/esanbottle.com\/es\/product\/frascos-de-perfume-de-vidrio-azul-03\/","title":{"rendered":"Frascos de perfume de vidrio azul 03"},"content":{"rendered":"<p>La l\u00e1mpara de seguridad de l\u00ednea recta serie AA96 est\u00e1 especialmente dise\u00f1ada para montacargas. Al formar l\u00edneas rectas suaves en la parte trasera y a ambos lados, alerta a peatones y otros veh\u00edculos que se acercan a esquinas ciegas. Puede utilizarse junto con la l\u00e1mpara de arco AA95 para proyectar una zona de advertencia en el suelo, a una distancia segura de trabajo alrededor del montacargas. Esto protege a los peatones de lesiones en los pies y colisiones, ofreciendo un sistema completo de advertencia para montacargas y almacenes.<\/p>\n<h4>Caracter\u00edsticas<\/h4>\n<div class=\"features-list\">\n<ul>\n<li>Rangos de voltaje: 10 ~ 80 V, adecuado para varios tipos de montacargas.<\/li>\n<li>La lente de PC duradera minimiza el da\u00f1o ambiental<\/li>\n<li>La carcasa de aluminio permite una disipaci\u00f3n eficaz del calor y prolonga enormemente la vida \u00fatil.<\/li>\n<li>Con los bordes cuadrados lisos que se iluminan en la parte trasera y en los dos lados de la carretilla elevadora.<\/li>\n<li>La longitud de la l\u00ednea recta es ajustable.<\/li>\n<li>Se puede utilizar combin\u00e1ndolo con una l\u00e1mpara de seguridad de arco seg\u00fan los requisitos.<\/li>\n<li>3 a\u00f1os de garant\u00eda.<\/li>\n<\/ul>\n<\/div>","protected":false},"excerpt":{"rendered":"<p>Volumen: 20 ml 30 ml 40 ml 50 ml<\/p>\n<p>US $0.55-0.6 \/ Piezas<\/p>\n<p>Peso: 42 g 138 g 140 g<\/p>\n<p>10000 piezas (pedido m\u00ednimo)<\/p>\n<p>Bienvenido OEM ODM<\/p>","protected":false},"featured_media":2329,"comment_status":"open","ping_status":"closed","template":"","meta":{"jetpack_post_was_ever_published":false},"product_brand":[],"product_cat":[33],"product_tag":[],"yst_prominent_words":[],"class_list":{"0":"post-4792","1":"product","2":"type-product","3":"status-publish","4":"has-post-thumbnail","6":"product_cat-perfume-bottles","8":"first","9":"instock","10":"shipping-taxable","11":"product-type-simple"},"jetpack_sharing_enabled":true,"_links":{"self":[{"href":"https:\/\/esanbottle.com\/es\/wp-json\/wp\/v2\/product\/4792","targetHints":{"allow":["GET"]}}],"collection":[{"href":"https:\/\/esanbottle.com\/es\/wp-json\/wp\/v2\/product"}],"about":[{"href":"https:\/\/esanbottle.com\/es\/wp-json\/wp\/v2\/types\/product"}],"replies":[{"embeddable":true,"href":"https:\/\/esanbottle.com\/es\/wp-json\/wp\/v2\/comments?post=4792"}],"wp:featuredmedia":[{"embeddable":true,"href":"https:\/\/esanbottle.com\/es\/wp-json\/wp\/v2\/media\/2329"}],"wp:attachment":[{"href":"https:\/\/esanbottle.com\/es\/wp-json\/wp\/v2\/media?parent=4792"}],"wp:term":[{"taxonomy":"product_brand","embeddable":true,"href":"https:\/\/esanbottle.com\/es\/wp-json\/wp\/v2\/product_brand?post=4792"},{"taxonomy":"product_cat","embeddable":true,"href":"https:\/\/esanbottle.com\/es\/wp-json\/wp\/v2\/product_cat?post=4792"},{"taxonomy":"product_tag","embeddable":true,"href":"https:\/\/esanbottle.com\/es\/wp-json\/wp\/v2\/product_tag?post=4792"},{"taxonomy":"yst_prominent_words","embeddable":true,"href":"https:\/\/esanbottle.com\/es\/wp-json\/wp\/v2\/yst_prominent_words?post=4792"}],"curies":[{"name":"wp","href":"https:\/\/api.w.org\/{rel}","templated":true}]}}