{"id":9269,"date":"2021-10-28T15:59:03","date_gmt":"2021-10-28T07:59:03","guid":{"rendered":"https:\/\/esanbottle.com\/?page_id=9269"},"modified":"2021-10-28T16:07:28","modified_gmt":"2021-10-28T08:07:28","slug":"product-catalog","status":"publish","type":"page","link":"https:\/\/esanbottle.com\/es\/catalogo-de-productos\/","title":{"rendered":"Cat\u00e1logo de productos"},"content":{"rendered":"<p>Esta es parte de nuestro cat\u00e1logo, si necesita los \u00faltimos modelos o personalizados, etc., cont\u00e1ctenos a tiempo.<iframe src=\"https:\/\/drive.google.com\/file\/d\/1ZpTUI1Hfe6xuZDgDb5JUawDR8u2pz-iz\/preview\" width=\"1000px\" height=\"600px\"><\/iframe><\/p>","protected":false},"excerpt":{"rendered":"<p>Esta es parte de nuestro cat\u00e1logo, si necesita los \u00faltimos modelos o personalizados, etc., cont\u00e1ctenos a tiempo.<\/p>","protected":false},"author":2,"featured_media":0,"parent":0,"menu_order":0,"comment_status":"closed","ping_status":"closed","template":"","meta":{"jetpack_post_was_ever_published":false,"footnotes":""},"yst_prominent_words":[],"class_list":["post-9269","page","type-page","status-publish","hentry"],"jetpack_sharing_enabled":true,"_links":{"self":[{"href":"https:\/\/esanbottle.com\/es\/wp-json\/wp\/v2\/pages\/9269","targetHints":{"allow":["GET"]}}],"collection":[{"href":"https:\/\/esanbottle.com\/es\/wp-json\/wp\/v2\/pages"}],"about":[{"href":"https:\/\/esanbottle.com\/es\/wp-json\/wp\/v2\/types\/page"}],"author":[{"embeddable":true,"href":"https:\/\/esanbottle.com\/es\/wp-json\/wp\/v2\/users\/2"}],"replies":[{"embeddable":true,"href":"https:\/\/esanbottle.com\/es\/wp-json\/wp\/v2\/comments?post=9269"}],"version-history":[{"count":0,"href":"https:\/\/esanbottle.com\/es\/wp-json\/wp\/v2\/pages\/9269\/revisions"}],"wp:attachment":[{"href":"https:\/\/esanbottle.com\/es\/wp-json\/wp\/v2\/media?parent=9269"}],"wp:term":[{"taxonomy":"yst_prominent_words","embeddable":true,"href":"https:\/\/esanbottle.com\/es\/wp-json\/wp\/v2\/yst_prominent_words?post=9269"}],"curies":[{"name":"wp","href":"https:\/\/api.w.org\/{rel}","templated":true}]}}