{"id":918,"date":"2018-03-22T05:47:11","date_gmt":"2018-03-22T05:47:11","guid":{"rendered":"http:\/\/leadbeauty.newbtb.com\/?page_id=918"},"modified":"2018-03-22T05:47:11","modified_gmt":"2018-03-22T05:47:11","slug":"mapa-del-sitio","status":"publish","type":"page","link":"https:\/\/esanbottle.com\/es\/mapa-del-sitio\/","title":{"rendered":"Mapa del sitio"},"content":{"rendered":"<pre><div class=\"kwayy-html-sitemap-wrapper\"><h2 class=\"kwayy-html-sitemap-post-title kwayy-post-title\">Publicaciones<\/h2><ul class=\"kwayy-html-sitemap-post-list kwayy-post-list\"><ul><li><a href=\"https:\/\/esanbottle.com\/es\/blog-11\/\">El proceso automatizado de serigraf\u00eda con tubo de tracci\u00f3n<\/a><\/li><li><a href=\"https:\/\/esanbottle.com\/es\/blog-9\/\">El proceso de fabricaci\u00f3n de botellas de tubo de vidrio en una f\u00e1brica de botellas de perfume.<\/a><\/li><li><a href=\"https:\/\/esanbottle.com\/es\/los-10-principales-fabricantes-de-frascos-de-perfume-en-china\/\">Los 10 principales fabricantes de frascos de perfume en China<\/a><\/li><li><a href=\"https:\/\/esanbottle.com\/es\/nuestro-diario-de-produccion-de-frascos-de-perfume\/\">Nuestro diario de producci\u00f3n de frascos de perfume de abril<\/a><\/li><li><a href=\"https:\/\/esanbottle.com\/es\/blog-12\/\">Proceso de impresi\u00f3n de la m\u00e1quina de impresi\u00f3n autom\u00e1tica de botellas de perfume<\/a><\/li><li><a href=\"https:\/\/esanbottle.com\/es\/blog-1\/\">\u00bfQu\u00e9 opinas de la empresa de botellas de perfume E&amp;San? Una introducci\u00f3n detallada.<\/a><\/li><li><a href=\"https:\/\/esanbottle.com\/es\/blog-2\/\">La perspectiva de Dios para mostrarte el exterior de nuestra f\u00e1brica de frascos de perfume.<\/a><\/li><li><a href=\"https:\/\/esanbottle.com\/es\/blog-3\/\">Tenemos todas las botellas que quieras, frascos de perfume de cristal de exhibici\u00f3n de E&amp;San<\/a><\/li><li><a href=\"https:\/\/esanbottle.com\/es\/blog-4\/\">\u00a1Dios m\u00edo! El frasco de perfume est\u00e1 hecho de arena. \u00bfLo has visto alguna vez? E&amp;San te lo cuenta.<\/a><\/li><li><a href=\"https:\/\/esanbottle.com\/es\/blog-5\/\">Se han producido frascos de perfume para comenzar a descargar y transferir, se ve muy rojo y a\u00fan escaldado, jajaja ~<\/a><\/li><li><a href=\"https:\/\/esanbottle.com\/es\/blog-6\/\">C\u00f3mo producir frascos de perfume de vidrio a trav\u00e9s del estricto sistema de gesti\u00f3n de calidad de E&amp;SAN<\/a><\/li><li><a href=\"https:\/\/esanbottle.com\/es\/vacaciones-durante-el-ano-nuevo\/\">Vacaciones durante el A\u00f1o Nuevo<\/a><\/li><li><a href=\"https:\/\/esanbottle.com\/es\/blog-7\/\">Disfrute del arte de la industria. M\u00e1s de 10,000 moldes para botellas de perfume. M\u00fasica r\u00edtmica.<\/a><\/li><li><a href=\"https:\/\/esanbottle.com\/es\/espero-conocerte-en-vietnam\/\">Espero conocerte en Vietnam.<\/a><\/li><li><a href=\"https:\/\/esanbottle.com\/es\/were-thrilled-to-invite-you-to-meet-us-at-beautyworld-saudi-arabia-2025\/\">\u00a1Estamos encantados de invitarte a conocernos en beautyworld Saudi Arabia 2025!<\/a><\/li><li><a href=\"https:\/\/esanbottle.com\/es\/invitacion-a-la-exposicion-de-dubai\/\">\u3010Invitaci\u00f3n\u3011\u00a1\u00danase a nosotros en Beautyworld Middle East, Dubai!<\/a><\/li><li><a href=\"https:\/\/esanbottle.com\/es\/2022-9-5kazajstan\/\">Carga de contenedor a Kazajist\u00e1n el 5 de septiembre de 2022<\/a><\/li><li><a href=\"https:\/\/esanbottle.com\/es\/cosas-que-debes-saber-sobre-los-envases-de-perfume-personalizados\/\">Envases de perfume personalizados: Lo que debes saber<\/a><\/li><li><a href=\"https:\/\/esanbottle.com\/es\/introduccion-a-los-diferentes-tipos-de-aceites-esenciales\/\">Introducci\u00f3n a los diferentes tipos de aceites esenciales<\/a><\/li><li><a href=\"https:\/\/esanbottle.com\/es\/en-la-cosmetica-asiatica\/\">\u00a1Te esperamos en In-Cosmetics Asia en Bangkok!<\/a><\/li><li><a href=\"https:\/\/esanbottle.com\/es\/te-esperamos-en-vietnam\/\">\u00a1Te estamos esperando en Vietnam!<\/a><\/li><li><a href=\"https:\/\/esanbottle.com\/es\/guia-rapida-para-iniciar-tu-propia-linea-de-perfumes\/\">Gu\u00eda r\u00e1pida para crear tu propia l\u00ednea de perfumes<\/a><\/li><li><a href=\"https:\/\/esanbottle.com\/es\/cosmoprof-asia\/\">Pronto asistiremos a Cosmoprof Asia.<\/a><\/li><li><a href=\"https:\/\/esanbottle.com\/es\/blog-10\/\">Proceso de producci\u00f3n de accesorios para goteros de botellas<\/a><\/li><li><a href=\"https:\/\/esanbottle.com\/es\/nuestra-empresa-en-dubai\/\">Nuestra empresa en Dubai<\/a><\/li><li><a href=\"https:\/\/esanbottle.com\/es\/join-us-at-the-dubai-perfume-exhibition-booth-z3-g16\/\">Join Us at the Dubai Perfume Exhibition \u2013 Booth Z3-G16!<\/a><\/li><li><a href=\"https:\/\/esanbottle.com\/es\/blog-8\/\">Reemplazo de tapa de botella de perfume Dise\u00f1o personalizado<\/a><\/li><\/ul><\/ul><h2 class=\"kwayy-html-sitemap-post-title kwayy-page-title\">P\u00e1ginas<\/h2><ul class=\"kwayy-html-sitemap-post-list kwayy-page-list\"><ul><li><a href=\"https:\/\/esanbottle.com\/es\/lista-de-fabricantes-de-frascos-de-perfume\/\">Los 100 mejores fabricantes de frascos de perfume<\/a><\/li><li><a href=\"https:\/\/esanbottle.com\/es\/perfume-bottle-manufacturer-capabilities\/\">Perfume Bottle Manufacturer Capabilities<\/a><\/li><li><a href=\"https:\/\/esanbottle.com\/es\/oem-odm-perfume-bottle-manufacturer\/\">OEM and ODM Perfume Bottle Development<\/a><\/li><li><a href=\"https:\/\/esanbottle.com\/es\/perfume-bottle-manufacturer-faq\/\">Perfume Bottle Manufacturer FAQ<\/a><\/li><li><a href=\"https:\/\/esanbottle.com\/es\/stock-vs-custom-perfume-bottle\/\">Stock Bottle vs Custom Perfume Bottle<\/a><\/li><li><a href=\"https:\/\/esanbottle.com\/es\/frasco-de-perfume-de-viaje-de-aluminio\/\">Botella de perfume de aluminio para viaje<\/a><\/li><li><a href=\"https:\/\/esanbottle.com\/es\/botella-de-aceite-esencial\/\">Botella de aceite esencial<\/a><\/li><li><a href=\"https:\/\/esanbottle.com\/es\/elegante-botella-de-exhibicion\/\">Botella de exhibici\u00f3n elegante<\/a><\/li><li><a href=\"https:\/\/esanbottle.com\/es\/botella-difusora-de-vidrio\/\">Botella difusora de vidrio<\/a><\/li><li><a href=\"https:\/\/esanbottle.com\/es\/botella-de-perfume-de-vidrio-limpia\/\">Botella de perfume de vidrio limpia<\/a><\/li><li><a href=\"https:\/\/esanbottle.com\/es\/catalogo-de-productos\/\">Cat\u00e1logo de productos<\/a><\/li><li><a href=\"https:\/\/esanbottle.com\/es\/color-de-la-botella-de-perfume-de-vidrio\/\">Color de la botella de perfume de vidrio<\/a><\/li><li><a href=\"https:\/\/esanbottle.com\/es\/botella-de-desinfectante-de-manos\/\">Botella de desinfectante de manos<\/a><\/li><li><a href=\"https:\/\/esanbottle.com\/es\/frasco\/\">Frasco<\/a><\/li><li><a href=\"https:\/\/esanbottle.com\/es\/tapa\/\">Tapa<\/a><\/li><li><a href=\"https:\/\/esanbottle.com\/es\/botella-de-spray-de-plastico\/\">Botella de spray de pl\u00e1stico<\/a><\/li><li><a href=\"https:\/\/esanbottle.com\/es\/bomba\/\">Bomba<\/a><\/li><li><a href=\"https:\/\/esanbottle.com\/es\/botella-con-rodillo\/\">Botella con rodillo<\/a><\/li><li><a href=\"https:\/\/esanbottle.com\/es\/stock-disponible\/\">Stock disponible<\/a><\/li><li><a href=\"https:\/\/esanbottle.com\/es\/acerca-de\/\">Acerca de<\/a><\/li><li><a href=\"https:\/\/esanbottle.com\/es\/nuevo-diseno\/\">Nuevo dise\u00f1o<\/a><\/li><li><a href=\"https:\/\/esanbottle.com\/es\/producto-de-gran-venta\/\">Producto de gran venta<\/a><\/li><li><a href=\"https:\/\/esanbottle.com\/es\/serie-de-accesorios\/\">Serie de accesorios<\/a><\/li><li><a href=\"https:\/\/esanbottle.com\/es\/blog\/\">Blog<\/a><\/li><li><a href=\"https:\/\/esanbottle.com\/es\/pagina-del-blog\/\">P\u00e1gina del blog<\/a><\/li><li><a href=\"https:\/\/esanbottle.com\/es\/pt365c\/\">PT365C<\/a><\/li><li><a href=\"https:\/\/esanbottle.com\/es\/contacto\/\">Contacto<\/a><\/li><li><a href=\"https:\/\/esanbottle.com\/es\/pt365-20-ml-botella-redonda-recta-forma-personalizada-regalo-vacio-mini-20-ml-botella-de-perfume-de-vidrio-color-sp\/\">PT365-20ml Botella redonda recta con forma personalizada, regalo vac\u00edo, mini botella de perfume de vidrio de 20 ml, color Sp<\/a><\/li><li><a href=\"https:\/\/esanbottle.com\/es\/exposiciones-mundiales\/\">Est\u00e1s cordialmente invitado a la exposici\u00f3n mundial de botellas de Esan.<\/a><\/li><li><a href=\"https:\/\/esanbottle.com\/es\/product\/\">Producto<\/a><\/li><li><a href=\"https:\/\/esanbottle.com\/es\/nuestro-equipo-proveedor\/\">Equipo online de proveedores de frascos de perfume<\/a><\/li><li><a href=\"https:\/\/esanbottle.com\/es\/preguntas-frecuentes\/\">Preguntas frecuentes<\/a><\/li><li><a href=\"https:\/\/esanbottle.com\/es\/video-del-fabricante\/\">Video<\/a><\/li><li><a href=\"https:\/\/esanbottle.com\/es\/\">Hogar<\/a><\/li><li><a href=\"https:\/\/esanbottle.com\/es\/botella-de-perfume-de-marca-de-vidrio\/\">Botella de perfume de marca de vidrio<\/a><\/li><li><a href=\"https:\/\/esanbottle.com\/es\/gracias\/\">Gracias<\/a><\/li><li><a href=\"https:\/\/esanbottle.com\/es\/facebook\/\">Facebook<\/a><\/li><li><a href=\"https:\/\/esanbottle.com\/es\/politica-de-privacidad\/\">pol\u00edtica de privacidad<\/a><\/li><li><a href=\"https:\/\/esanbottle.com\/es\/terminos-y-condiciones\/\">T\u00e9rminos y condiciones<\/a><\/li><\/ul><\/ul><\/div> <!-- .kwayy-html-sitemap-wrapper --><\/pre>","protected":false},"excerpt":{"rendered":"","protected":false},"author":1,"featured_media":0,"parent":0,"menu_order":0,"comment_status":"closed","ping_status":"closed","template":"","meta":{"jetpack_post_was_ever_published":false,"footnotes":""},"yst_prominent_words":[],"class_list":["post-918","page","type-page","status-publish","hentry"],"jetpack_sharing_enabled":true,"_links":{"self":[{"href":"https:\/\/esanbottle.com\/es\/wp-json\/wp\/v2\/pages\/918","targetHints":{"allow":["GET"]}}],"collection":[{"href":"https:\/\/esanbottle.com\/es\/wp-json\/wp\/v2\/pages"}],"about":[{"href":"https:\/\/esanbottle.com\/es\/wp-json\/wp\/v2\/types\/page"}],"author":[{"embeddable":true,"href":"https:\/\/esanbottle.com\/es\/wp-json\/wp\/v2\/users\/1"}],"replies":[{"embeddable":true,"href":"https:\/\/esanbottle.com\/es\/wp-json\/wp\/v2\/comments?post=918"}],"version-history":[{"count":0,"href":"https:\/\/esanbottle.com\/es\/wp-json\/wp\/v2\/pages\/918\/revisions"}],"wp:attachment":[{"href":"https:\/\/esanbottle.com\/es\/wp-json\/wp\/v2\/media?parent=918"}],"wp:term":[{"taxonomy":"yst_prominent_words","embeddable":true,"href":"https:\/\/esanbottle.com\/es\/wp-json\/wp\/v2\/yst_prominent_words?post=918"}],"curies":[{"name":"wp","href":"https:\/\/api.w.org\/{rel}","templated":true}]}}