{"id":504,"date":"2018-03-08T09:15:55","date_gmt":"2018-03-08T09:15:55","guid":{"rendered":"http:\/\/leadbeauty.newbtb.com\/?page_id=504"},"modified":"2021-06-11T10:13:01","modified_gmt":"2021-06-11T02:13:01","slug":"terminos-y-condiciones","status":"publish","type":"page","link":"https:\/\/esanbottle.com\/es\/terminos-y-condiciones\/","title":{"rendered":"T\u00e9rminos y condiciones"},"content":{"rendered":"<p>\u00a1Bienvenido a nuestro sitio! Este documento constituye un acuerdo legalmente vinculante entre usted, como usuario(s), del sitio (en adelante, \u00abusted\u00bb, \u00absu\u00bb o \u00abUsuario\u00bb) y el propietario del sitio web.<\/p>\n<p>Aplicaci\u00f3n y aceptaci\u00f3n de los t\u00e9rminos<\/p>\n<p>1.1 Su uso de los servicios y productos de este sitio web (en adelante, los &quot;Servicios&quot;) est\u00e1 sujeto a los t\u00e9rminos y condiciones de este documento, as\u00ed como a la Pol\u00edtica de Privacidad y a cualquier otra normativa o pol\u00edtica de este sitio web que se publique ocasionalmente. Este documento y dem\u00e1s normativas y pol\u00edticas de este sitio web se denominan en adelante &quot;Condiciones&quot;. Al acceder a este sitio web o utilizar los Servicios, usted acepta y se obliga a cumplir las condiciones. No utilice los Servicios ni este sitio web si no acepta todas las Condiciones.<br \/>\n1.2 No podr\u00e1 utilizar los Servicios ni aceptar los T\u00e9rminos si (a) no tiene la edad legal para celebrar un contrato vinculante con este sitio web, o (b) no tiene permitido recibir ning\u00fan Servicio seg\u00fan las leyes de la Rep\u00fablica Popular China u otros pa\u00edses\/regiones, incluido el pa\u00eds\/regi\u00f3n en el que reside o desde el que utiliza los Servicios.<br \/>\n1.3 Usted reconoce y acepta que este sitio web puede modificar cualquiera de los T\u00e9rminos en cualquier momento mediante la publicaci\u00f3n de los T\u00e9rminos modificados y reformulados pertinentes en este sitio web. Al continuar utilizando los Servicios o este sitio web, usted acepta que los t\u00e9rminos modificados le ser\u00e1n aplicables.<\/p>\n<p>Usuarios en general<\/p>\n<p>2.1 Como condici\u00f3n para su acceso y uso de este sitio web o los Servicios, usted acepta que cumplir\u00e1 con todas las leyes y regulaciones aplicables al utilizar este sitio web o los Servicios.<\/p>\n<p>2.2 Debe leer la Pol\u00edtica de Privacidad de este sitio web, que rige la protecci\u00f3n y el uso de la informaci\u00f3n personal de los usuarios en posesi\u00f3n de este sitio web y de nuestros afiliados. Acepta los t\u00e9rminos de la Pol\u00edtica de Privacidad y consiente el uso de su informaci\u00f3n personal de acuerdo con ella.<br \/>\n2.3 Usted acepta no realizar ninguna acci\u00f3n que socave la integridad de los sistemas inform\u00e1ticos o redes de este sitio web y\/o de cualquier otro Usuario ni obtener acceso no autorizado a dichos sistemas inform\u00e1ticos o redes.<br \/>\n2.4 Usted acepta no obtener ninguna ventaja al utilizar la informaci\u00f3n que aparece en este sitio web o que recibe de cualquier representante de este sitio web en actividades que incluyen: establecer niveles de precios o cotizaciones de productos y servicios que no se compren en este sitio web, preparar contenidos del sitio web, redactar contratos o acuerdos que no cuenten con la participaci\u00f3n de este sitio web.<\/p>\n<p>Productos y precios<\/p>\n<p>3.1 Debido a que estamos en continuo desarrollo y actualizaci\u00f3n de nuestros productos y servicios, cualquier especificaci\u00f3n t\u00e9cnica o no t\u00e9cnica, incluyendo pero no limitado a p\u00e1ginas web, informes, tablas, figuras, im\u00e1genes, videos o audios de cualquiera de los productos de este sitio web pueden ser alteradas o completamente cambiadas en formatos y formato sin notificaci\u00f3n previa ya sea en l\u00ednea o fuera de l\u00ednea.<br \/>\n3.2 Los precios que figuran en este sitio web o proporcionados por cualquier representante de este sitio web est\u00e1n sujetos a cambios sin previo aviso.<\/p>\n<p>Limitaci\u00f3n de responsabilidad<br \/>\n4.1 Cualquier material descargado u obtenido de otra forma a trav\u00e9s de este sitio web se realiza a exclusivo criterio y riesgo de cada Usuario y cada Usuario es el \u00fanico responsable de cualquier da\u00f1o al sistema inform\u00e1tico de este sitio web o p\u00e9rdida de datos que pueda resultar de la descarga de dicho material.<\/p>","protected":false},"excerpt":{"rendered":"<p>Welcome to our site! This document is a legally binding agreement between you as the user (s) of the site (referred to as \u201cyou\u201d, \u201cyour\u201d or \u201cUser\u201d hereinafter) and the website \u2014 owner of the site this website. Application and Acceptance of Terms 1.1 Your use of this website\u2019s services, and products (collectively the as [&hellip;]<\/p>\n","protected":false},"author":1,"featured_media":0,"parent":0,"menu_order":0,"comment_status":"closed","ping_status":"closed","template":"","meta":{"jetpack_post_was_ever_published":false,"footnotes":""},"yst_prominent_words":[],"class_list":["post-504","page","type-page","status-publish","hentry"],"jetpack_sharing_enabled":true,"_links":{"self":[{"href":"https:\/\/esanbottle.com\/es\/wp-json\/wp\/v2\/pages\/504","targetHints":{"allow":["GET"]}}],"collection":[{"href":"https:\/\/esanbottle.com\/es\/wp-json\/wp\/v2\/pages"}],"about":[{"href":"https:\/\/esanbottle.com\/es\/wp-json\/wp\/v2\/types\/page"}],"author":[{"embeddable":true,"href":"https:\/\/esanbottle.com\/es\/wp-json\/wp\/v2\/users\/1"}],"replies":[{"embeddable":true,"href":"https:\/\/esanbottle.com\/es\/wp-json\/wp\/v2\/comments?post=504"}],"version-history":[{"count":0,"href":"https:\/\/esanbottle.com\/es\/wp-json\/wp\/v2\/pages\/504\/revisions"}],"wp:attachment":[{"href":"https:\/\/esanbottle.com\/es\/wp-json\/wp\/v2\/media?parent=504"}],"wp:term":[{"taxonomy":"yst_prominent_words","embeddable":true,"href":"https:\/\/esanbottle.com\/es\/wp-json\/wp\/v2\/yst_prominent_words?post=504"}],"curies":[{"name":"wp","href":"https:\/\/api.w.org\/{rel}","templated":true}]}}