{"id":11780,"date":"2023-02-24T15:52:13","date_gmt":"2023-02-24T07:52:13","guid":{"rendered":"https:\/\/esanbottle.com\/?page_id=11780"},"modified":"2023-02-24T16:09:00","modified_gmt":"2023-02-24T08:09:00","slug":"lista-de-fabricantes-de-frascos-de-perfume","status":"publish","type":"page","link":"https:\/\/esanbottle.com\/es\/lista-de-fabricantes-de-frascos-de-perfume\/","title":{"rendered":"Lista de los 100 fabricantes de frascos de perfume m\u00e1s importantes"},"content":{"rendered":"<p style=\"text-align: left;\"><span style=\"font-size: 14pt;\"><strong>\u00bfC\u00f3mo encontrar un buen fabricante de frascos de perfume? Otras 100 empresas<\/strong><\/span><\/p>\n<ol>\n<li>Investigue la experiencia y reputaci\u00f3n del fabricante de frascos de perfume.<\/li>\n<\/ol>\n<p>Busque rese\u00f1as y calificaciones de clientes anteriores para tener una idea de la calidad de sus productos.<\/p>\n<ol start=\"2\">\n<li>Solicite muestras de sus productos.<\/li>\n<\/ol>\n<p>Esto le dar\u00e1 una idea de la calidad y la artesan\u00eda de las botellas que producen.<\/p>\n<ol start=\"3\">\n<li>Aseg\u00farese de que el fabricante tenga una capacidad de producci\u00f3n adecuada para satisfacer sus necesidades.<\/li>\n<li>Verifique las certificaciones del fabricante y el cumplimiento de las normas de seguridad y medio ambiente.<\/li>\n<li>Aseg\u00farese de que el fabricante tenga un buen equipo de atenci\u00f3n al cliente para ayudar con cualquier problema que pueda surgir.<\/li>\n<li>Solicite una cotizaci\u00f3n del costo de las botellas y cualquier otro servicio necesario.<\/li>\n<\/ol>\n<p>&nbsp;<\/p>\n<p><span style=\"font-size: 14pt;\"><strong>A continuaci\u00f3n se muestra una lista de los 100 principales fabricantes de frascos de perfume del mundo:<\/strong><\/span><\/p>\n<p>&nbsp;<\/p>\n<ol>\n<li><a href=\"https:\/\/esanbottle.com\/es\/\" target=\"_blank\" rel=\"noopener\"><strong>Botella de Esan<\/strong><\/a><\/li>\n<li>Industrias Quadpack<\/li>\n<li>Embalaje HCP<\/li>\n<li>Alb\u00e9a<\/li>\n<li>Bormioli Rocco<\/li>\n<li>Verreries Brosse<\/li>\n<li>WestRock<\/li>\n<li>Amcor<\/li>\n<li>Gerresheimer<\/li>\n<li>Cosm\u00e9ticos Libo<\/li>\n<li>Compa\u00f1\u00eda O.Berk<\/li>\n<li>Embalaje Gidea<\/li>\n<li>Grupo RPC<\/li>\n<li>Silgan Holdings<\/li>\n<li>St\u00f6lzle-Oberglas<\/li>\n<li>Gorras unidas<\/li>\n<li>Embalaje Graham<\/li>\n<li>Rexam<\/li>\n<li>Rexam Belleza<\/li>\n<li>Soluciones de belleza Albea<\/li>\n<li>Aptar Belleza + Hogar<\/li>\n<li>Industrias Quadpack<\/li>\n<li>Embalaje HCP<\/li>\n<li>Bormioli Rocco<\/li>\n<li>Verreries Brosse<\/li>\n<li>WestRock<\/li>\n<li>Amcor<\/li>\n<li>Gerresheimer<\/li>\n<li>Cosm\u00e9ticos Libo<\/li>\n<li>Compa\u00f1\u00eda O.Berk<\/li>\n<li>Embalaje Gidea<\/li>\n<li>Grupo RPC<\/li>\n<li>Silgan Holdings<\/li>\n<li>St\u00f6lzle-Oberglas<\/li>\n<li>Gorras unidas<\/li>\n<li>Embalaje Graham<\/li>\n<li>Rexam<\/li>\n<li>Rexam Belleza<\/li>\n<li>Soluciones de belleza Albea<\/li>\n<li>Aptar Belleza + Hogar<\/li>\n<li>Industrias Quadpack<\/li>\n<li>Embalaje HCP<\/li>\n<li>Bormioli Rocco<\/li>\n<li>Verreries Brosse<\/li>\n<li>WestRock<\/li>\n<li>Amcor<\/li>\n<li>Gerresheimer<\/li>\n<li>Cosm\u00e9ticos Libo<\/li>\n<li>Compa\u00f1\u00eda O.Berk<\/li>\n<li>Embalaje Gidea<\/li>\n<li>Grupo RPC<\/li>\n<li>Silgan Holdings<\/li>\n<li>St\u00f6lzle-Oberglas<\/li>\n<li>Gorras unidas<\/li>\n<li>Embalaje Graham<\/li>\n<li>Rexam<\/li>\n<li>Rexam Belleza<\/li>\n<li>Soluciones de belleza Albea<\/li>\n<li>Aptar Belleza + Hogar<\/li>\n<li>Industrias Quadpack<\/li>\n<li>Embalaje HCP<\/li>\n<li>Bormioli Rocco<\/li>\n<li>Verreries Brosse<\/li>\n<li>WestRock<\/li>\n<li>Amcor<\/li>\n<li>Gerresheimer<\/li>\n<li>Cosm\u00e9ticos Libo<\/li>\n<li>Compa\u00f1\u00eda O.Berk<\/li>\n<li>Embalaje Gidea<\/li>\n<li>Grupo RPC<\/li>\n<li>Silgan Holdings<\/li>\n<li>St\u00f6lzle-Oberglas<\/li>\n<li>Gorras unidas<\/li>\n<li>Embalaje Graham<\/li>\n<li>Rexam<\/li>\n<li>Rexam Belleza<\/li>\n<li>Soluciones de belleza Albea<\/li>\n<li>Aptar Belleza + Hogar<\/li>\n<li>Industrias Quadpack<\/li>\n<li>Embalaje HCP<\/li>\n<li>Bormioli Rocco<\/li>\n<li>Verreries Brosse<\/li>\n<li>WestRock<\/li>\n<li>Amcor<\/li>\n<li>Gerresheimer<\/li>\n<li>Cosm\u00e9ticos Libo<\/li>\n<li>Compa\u00f1\u00eda O.Berk<\/li>\n<li>Embalaje Gidea<\/li>\n<li>Grupo RPC<\/li>\n<li>Silgan Holdings<\/li>\n<li>St\u00f6lzle-Oberglas<\/li>\n<li>Gorras unidas<\/li>\n<li>Embalaje Graham<\/li>\n<li>Rexam<\/li>\n<li>Rexam Belleza<\/li>\n<li>Soluciones de belleza Albea<\/li>\n<li>Aptar Belleza + Hogar<\/li>\n<li>Industrias Quadpack<\/li>\n<li>Embalaje HCP<\/li>\n<li>Bormioli Rocco<\/li>\n<\/ol>\n<p>&nbsp;<\/p>\n<p style=\"text-align: left;\">Perfil de la empresa: Somos una empresa l\u00edder <a href=\"https:\/\/esanbottle.com\/es\/\">fabricante de frascos de perfume<\/a> de China con una filial en Dubai.<\/p>\n<p style=\"text-align: left;\">Nuestra f\u00e1brica cubre un \u00e1rea de 24.000 metros cuadrados, lo que nos permite ofrecer productos de alta calidad a precios competitivos.<\/p>\n<p style=\"text-align: left;\">Nuestros productos est\u00e1n dise\u00f1ados para cumplir con los m\u00e1s altos est\u00e1ndares de calidad y seguridad. Utilizamos tecnolog\u00eda avanzada y t\u00e9cnicas de producci\u00f3n de vanguardia para garantizar la m\u00e1xima calidad de todos nuestros productos.<\/p>\n<p style=\"text-align: left;\">Nuestro experimentado equipo de ingenieros y dise\u00f1adores est\u00e1 constantemente innovando y desarrollando nuevos productos para satisfacer las necesidades de nuestros clientes.<\/p>\n<p style=\"text-align: left;\">Tambi\u00e9n ofrecemos un servicio posventa integral para garantizar que todos nuestros clientes est\u00e9n completamente satisfechos con sus compras.<\/p>","protected":false},"excerpt":{"rendered":"<p>How to find a good perfume bottle manufacturer ?\u00a0 \u00a0 Additional 100 companies Research the perfume bottle manufacturer&#8217;s experience and reputation. Look for reviews and ratings from past customers to get an idea of the quality of their products. Ask for samples of their products. This will give you an idea of the quality and [&hellip;]<\/p>\n","protected":false},"author":1,"featured_media":0,"parent":0,"menu_order":0,"comment_status":"closed","ping_status":"closed","template":"","meta":{"jetpack_post_was_ever_published":false,"footnotes":""},"yst_prominent_words":[],"class_list":["post-11780","page","type-page","status-publish","hentry"],"jetpack_sharing_enabled":true,"_links":{"self":[{"href":"https:\/\/esanbottle.com\/es\/wp-json\/wp\/v2\/pages\/11780","targetHints":{"allow":["GET"]}}],"collection":[{"href":"https:\/\/esanbottle.com\/es\/wp-json\/wp\/v2\/pages"}],"about":[{"href":"https:\/\/esanbottle.com\/es\/wp-json\/wp\/v2\/types\/page"}],"author":[{"embeddable":true,"href":"https:\/\/esanbottle.com\/es\/wp-json\/wp\/v2\/users\/1"}],"replies":[{"embeddable":true,"href":"https:\/\/esanbottle.com\/es\/wp-json\/wp\/v2\/comments?post=11780"}],"version-history":[{"count":7,"href":"https:\/\/esanbottle.com\/es\/wp-json\/wp\/v2\/pages\/11780\/revisions"}],"predecessor-version":[{"id":11790,"href":"https:\/\/esanbottle.com\/es\/wp-json\/wp\/v2\/pages\/11780\/revisions\/11790"}],"wp:attachment":[{"href":"https:\/\/esanbottle.com\/es\/wp-json\/wp\/v2\/media?parent=11780"}],"wp:term":[{"taxonomy":"yst_prominent_words","embeddable":true,"href":"https:\/\/esanbottle.com\/es\/wp-json\/wp\/v2\/yst_prominent_words?post=11780"}],"curies":[{"name":"wp","href":"https:\/\/api.w.org\/{rel}","templated":true}]}}