{"id":11621,"date":"2023-02-22T16:25:32","date_gmt":"2023-02-22T08:25:32","guid":{"rendered":"https:\/\/esanbottle.com\/?page_id=11621"},"modified":"2023-02-22T16:53:51","modified_gmt":"2023-02-22T08:53:51","slug":"exposiciones-mundiales","status":"publish","type":"page","link":"https:\/\/esanbottle.com\/es\/exposiciones-mundiales\/","title":{"rendered":"Est\u00e1s cordialmente invitado a la exposici\u00f3n mundial de botellas de Esan."},"content":{"rendered":"<p style=\"text-align: center;\"><span style=\"font-size: 24pt; color: #339966;\">Est\u00e1s cordialmente invitado a la exposici\u00f3n mundial de botellas de Esan.<\/span><\/p>\n<div class=\"single-icon-box mb-10\">\n<div class=\"icon-box-content\"><\/div>\n<\/div>\n<div class=\"single-icon-box\">\n<div class=\"icon-box-content\">\n<p>Centr\u00e1ndonos en la fabricaci\u00f3n de frascos de perfume durante 15 a\u00f1os, nos hemos convertido en l\u00edderes en el campo de los frascos de perfume en China y, para expandir el mercado mundial, abrimos una subsidiaria en Dubai para participar en exposiciones en todo el mundo.<\/p>\n<div class=\"single-icon-box mb-10\">\n<div class=\"icon-box-content\">\n<h3 class=\"title\" style=\"text-align: right;\">CONTACTO<\/h3>\n<p class=\"content\" style=\"text-align: right;\">Oficina: (86) 13355791639<\/p>\n<\/div>\n<\/div>\n<div class=\"single-icon-box\">\n<div class=\"icon-box-content\">\n<p class=\"content\" style=\"text-align: right;\">Correo electr\u00f3nico: kevin.guo@esanbottle.com<\/p>\n<\/div>\n<\/div>\n<p style=\"text-align: center;\">\n<\/div>\n<\/div>\n<table style=\"border-collapse: collapse; width: 100%; height: 322px;\">\n<tbody>\n<tr style=\"height: 25px;\">\n<td style=\"width: 19.6969%; height: 81px;\"><span style=\"font-size: 12pt;\">27 de julio al 29 de julio de 2023<\/span><\/td>\n<td style=\"width: 34.7042%; height: 81px;\"><span style=\"font-size: 12pt;\">Exposici\u00f3n de belleza de Ho Chi Minh 2023 en Vietnam<\/span><\/td>\n<td style=\"width: 45.5988%; height: 81px;\"><span style=\"font-size: 12pt;\">Vietnam \u2013 Ciudad Ho Chi Minh \u2013 799 Nguyen Van Linh, Distrito Tan Phu, Distrito 7 \u2013 Centro de convenciones Ho Chi Minh Saigon<\/span><\/td>\n<\/tr>\n<tr style=\"height: 24px;\">\n<td style=\"width: 19.6969%; height: 66px;\"><span style=\"font-size: 12pt;\">7 de noviembre al 9 de noviembre de 2023<\/span><\/td>\n<td style=\"width: 34.7042%; height: 66px;\"><span style=\"font-size: 12pt;\">Exposici\u00f3n de envases cosm\u00e9ticos 2023 en Bangkok, Tailandia<\/span><\/td>\n<td style=\"width: 45.5988%; height: 66px;\"><span style=\"font-size: 12pt;\">Tailandia-Bangkok-88 Bangna-Trad Road, Bangna, Bangkok 10260-Centro de exposiciones y comercio internacional de Bangkok<\/span><\/td>\n<\/tr>\n<tr style=\"height: 24px;\">\n<td style=\"width: 19.6969%; height: 50px;\"><span style=\"font-size: 12pt;\">30 de octubre - 1 de noviembre de 2023<\/span><\/td>\n<td style=\"width: 34.7042%; height: 50px;\"><span style=\"font-size: 12pt;\">Sal\u00f3n Internacional de la Belleza de Oriente Medio (Dub\u00e1i) 2023<\/span><\/td>\n<td style=\"width: 45.5988%; height: 50px;\"><span style=\"font-size: 12pt;\">Centro de Comercio Mundial de Dub\u00e1i<\/span><\/td>\n<\/tr>\n<tr style=\"height: 24px;\">\n<td style=\"width: 19.6969%; height: 70px;\"><span style=\"font-size: 12pt;\">Del 15 al 17 de noviembre de 2023<\/span><\/td>\n<td style=\"width: 34.7042%; height: 70px;\"><span style=\"font-size: 12pt;\">Cosmoprof Asia Pac\u00edfico 2023<\/span><\/td>\n<td style=\"width: 45.5988%; height: 70px;\"><span style=\"font-size: 12pt;\">China RTHK \u2013 Hong Kong \u2013 1 Expo Drive, Distrito Wanchai \u2013 Centro de Convenciones y Exposiciones de Hong Kong<\/span><\/td>\n<\/tr>\n<tr style=\"height: 25px;\">\n<td style=\"width: 19.6969%; height: 55px;\"><span style=\"font-size: 14pt;\"><strong>Tiempo<\/strong><\/span><\/td>\n<td style=\"width: 34.7042%; height: 55px;\"><span style=\"font-size: 14pt;\"><strong><span style=\"vertical-align: inherit;\"><span style=\"vertical-align: inherit;\">Nombre de la exposici\u00f3n<\/span><\/span><\/strong><\/span><\/td>\n<td style=\"width: 45.5988%; height: 55px;\"><span style=\"font-size: 14pt;\"><strong>DIRECCI\u00d3N<\/strong><\/span><\/td>\n<\/tr>\n<\/tbody>\n<\/table>\n<p><iframe src=\"\/\/www.youtube.com\/embed\/mPJ0wARzQYw\" width=\"100%\" height=\"314\" allowfullscreen=\"allowfullscreen\"><\/iframe><\/p>\n<p data-wp-editing=\"1\"><img decoding=\"async\" class=\"alignnone size-medium wp-image-11485 jetpack-lazy-image jetpack-lazy-image--handled alignleft\" src=\"https:\/\/esanbottle.com\/wp-content\/uploads\/2022\/12\/24b0a8c1e3020f8ae3163b32728686c2-300x300.jpg\" sizes=\"(max-width: 300px) 100vw, 300px\" srcset=\"https:\/\/esanbottle.com\/wp-content\/uploads\/2022\/12\/24b0a8c1e3020f8ae3163b32728686c2-300x300.jpg 300w, https:\/\/esanbottle.com\/wp-content\/uploads\/2022\/12\/24b0a8c1e3020f8ae3163b32728686c2-1024x1024.jpg 1024w, https:\/\/esanbottle.com\/wp-content\/uploads\/2022\/12\/24b0a8c1e3020f8ae3163b32728686c2-150x150.jpg 150w, https:\/\/esanbottle.com\/wp-content\/uploads\/2022\/12\/24b0a8c1e3020f8ae3163b32728686c2-768x768.jpg 768w, https:\/\/esanbottle.com\/wp-content\/uploads\/2022\/12\/24b0a8c1e3020f8ae3163b32728686c2-1536x1536.jpg 1536w, https:\/\/esanbottle.com\/wp-content\/uploads\/2022\/12\/24b0a8c1e3020f8ae3163b32728686c2-2048x2048.jpg 2048w\" alt=\"\" width=\"300\" height=\"300\" data-lazy-loaded=\"1\" \/> \u00a0<img decoding=\"async\" class=\"alignnone size-medium wp-image-11487 jetpack-lazy-image jetpack-lazy-image--handled alignleft\" src=\"https:\/\/esanbottle.com\/wp-content\/uploads\/2022\/12\/7929f935c98db18aa724fbd50ffe863e-300x300.jpg\" sizes=\"(max-width: 300px) 100vw, 300px\" srcset=\"https:\/\/esanbottle.com\/wp-content\/uploads\/2022\/12\/7929f935c98db18aa724fbd50ffe863e-300x300.jpg 300w, https:\/\/esanbottle.com\/wp-content\/uploads\/2022\/12\/7929f935c98db18aa724fbd50ffe863e-1024x1024.jpg 1024w, https:\/\/esanbottle.com\/wp-content\/uploads\/2022\/12\/7929f935c98db18aa724fbd50ffe863e-150x150.jpg 150w, https:\/\/esanbottle.com\/wp-content\/uploads\/2022\/12\/7929f935c98db18aa724fbd50ffe863e-768x768.jpg 768w, https:\/\/esanbottle.com\/wp-content\/uploads\/2022\/12\/7929f935c98db18aa724fbd50ffe863e-1536x1536.jpg 1536w, https:\/\/esanbottle.com\/wp-content\/uploads\/2022\/12\/7929f935c98db18aa724fbd50ffe863e-2048x2048.jpg 2048w\" alt=\"\" width=\"300\" height=\"300\" data-lazy-loaded=\"1\" \/> \u00a0 <img decoding=\"async\" class=\"alignleft\" src=\"https:\/\/esanbottle.com\/wp-content\/uploads\/2022\/12\/2bafeecda079f6a2ba08cc1b11d52221-300x300.jpg\" \/><\/p>\n<div class=\"jfk-bubble gtx-bubble\" style=\"visibility: visible; left: 10px; top: 57px; opacity: 1;\" role=\"alertdialog\" aria-describedby=\"bubble-2\">\n<div class=\"jfk-bubble-closebtn-id jfk-bubble-closebtn\" tabindex=\"0\" role=\"button\" aria-label=\"Cerca\"><\/div>\n<div class=\"jfk-bubble-arrow-id jfk-bubble-arrow jfk-bubble-arrowup\" style=\"left: 693.312px;\">\n<div class=\"jfk-bubble-arrowimplbefore\">\n<div class=\"single-icon-box mb-10\">\n<div class=\"icon-box-content\"><\/div>\n<\/div>\n<div class=\"single-icon-box\">\n<div class=\"icon-box-content\">\n<p class=\"content\" style=\"text-align: right;\">\n<\/div>\n<\/div>\n<\/div>\n<div class=\"jfk-bubble-arrowimplafter\"><\/div>\n<\/div>\n<\/div>","protected":false},"excerpt":{"rendered":"<p>You are cordially invited to Esan bottle&#8217;s world exhibition Focusing on perfume bottle manufacturing for 15 years, we have become the head in the field of perfume bottles in China, and in order to expand the world market, we opened a subsidiary in Dubai to participate in exhibitions to the world CONTACT Office: (86) 13355791639 [&hellip;]<\/p>\n","protected":false},"author":1,"featured_media":0,"parent":0,"menu_order":0,"comment_status":"closed","ping_status":"closed","template":"","meta":{"jetpack_post_was_ever_published":false,"footnotes":""},"yst_prominent_words":[],"class_list":["post-11621","page","type-page","status-publish","hentry"],"jetpack_sharing_enabled":true,"_links":{"self":[{"href":"https:\/\/esanbottle.com\/es\/wp-json\/wp\/v2\/pages\/11621","targetHints":{"allow":["GET"]}}],"collection":[{"href":"https:\/\/esanbottle.com\/es\/wp-json\/wp\/v2\/pages"}],"about":[{"href":"https:\/\/esanbottle.com\/es\/wp-json\/wp\/v2\/types\/page"}],"author":[{"embeddable":true,"href":"https:\/\/esanbottle.com\/es\/wp-json\/wp\/v2\/users\/1"}],"replies":[{"embeddable":true,"href":"https:\/\/esanbottle.com\/es\/wp-json\/wp\/v2\/comments?post=11621"}],"version-history":[{"count":12,"href":"https:\/\/esanbottle.com\/es\/wp-json\/wp\/v2\/pages\/11621\/revisions"}],"predecessor-version":[{"id":11642,"href":"https:\/\/esanbottle.com\/es\/wp-json\/wp\/v2\/pages\/11621\/revisions\/11642"}],"wp:attachment":[{"href":"https:\/\/esanbottle.com\/es\/wp-json\/wp\/v2\/media?parent=11621"}],"wp:term":[{"taxonomy":"yst_prominent_words","embeddable":true,"href":"https:\/\/esanbottle.com\/es\/wp-json\/wp\/v2\/yst_prominent_words?post=11621"}],"curies":[{"name":"wp","href":"https:\/\/api.w.org\/{rel}","templated":true}]}}