{"id":918,"date":"2018-03-22T05:47:11","date_gmt":"2018-03-22T05:47:11","guid":{"rendered":"http:\/\/leadbeauty.newbtb.com\/?page_id=918"},"modified":"2018-03-22T05:47:11","modified_gmt":"2018-03-22T05:47:11","slug":"sayt-x\u0259rit\u0259si","status":"publish","type":"page","link":"https:\/\/esanbottle.com\/az\/sayt-x\u0259rit\u0259si\/","title":{"rendered":"Sayt\u0131n x\u0259rit\u0259si"},"content":{"rendered":"<pre><div class=\"kwayy-html-sitemap-wrapper\"><h2 class=\"kwayy-html-sitemap-post-title kwayy-post-title\">Yaz\u0131lar<\/h2><ul class=\"kwayy-html-sitemap-post-list kwayy-post-list\"><ul><li><a href=\"https:\/\/esanbottle.com\/az\/blog-11\/\">\u00c7\u0259km\u0259 borusu ekran \u00e7ap\u0131n\u0131n avtomatla\u015fd\u0131r\u0131lm\u0131\u015f prosesi<\/a><\/li><li><a href=\"https:\/\/esanbottle.com\/az\/blog-9\/\">Parf\u00fcm \u015f\u00fc\u015f\u0259si fabrikind\u0259 \u015f\u00fc\u015f\u0259 \u00e7\u0259km\u0259 boru \u015f\u00fc\u015f\u0259sinin haz\u0131rlanmas\u0131 prosesi<\/a><\/li><li><a href=\"https:\/\/esanbottle.com\/az\/cind\u0259-\u0259n-yaxsi-10-\u0259tir-sus\u0259si-istehsalcisi\/\">\u00c7ind\u0259 TOP 10 \u0259tir \u015f\u00fc\u015f\u0259si istehsal\u00e7\u0131s\u0131<\/a><\/li><li><a href=\"https:\/\/esanbottle.com\/az\/\u0259tir-sus\u0259si-istehsal-gund\u0259liyimiz\/\">\u018ftir Butulkas\u0131n\u0131n \u0130stehsal G\u00fcnd\u0259liyimiz Aprel<\/a><\/li><li><a href=\"https:\/\/esanbottle.com\/az\/blog-12\/\">Parf\u00fcm \u015f\u00fc\u015f\u0259si avtomatik \u00e7ap ma\u015f\u0131n\u0131 \u00e7ap prosesi<\/a><\/li><li><a href=\"https:\/\/esanbottle.com\/az\/blog-1\/\">B\u0259s E&amp;San Parfume Bottle Company? Siz\u0259 \u0259trafl\u0131 t\u0259qdimat<\/a><\/li><li><a href=\"https:\/\/esanbottle.com\/az\/blog-2\/\">Siz\u0259 \u0259tir \u015f\u00fc\u015f\u0259si fabrikimizin \u00e7\u00f6l\u00fcn\u00fc g\u00f6st\u0259rm\u0259k \u00fc\u00e7\u00fcn Allah\u0131n perspektivi<\/a><\/li><li><a href=\"https:\/\/esanbottle.com\/az\/blog-3\/\">\u0130st\u0259diyiniz b\u00fct\u00fcn butulkalar, E&amp;San-dan \u015f\u00fc\u015f\u0259 parf\u00fcm ekran \u015f\u00fc\u015f\u0259l\u0259ri bizd\u0259<\/a><\/li><li><a href=\"https:\/\/esanbottle.com\/az\/blog-4\/\">\u0130lahi, \u0259tir \u015f\u00fc\u015f\u0259si \u0259slind\u0259 qumdand\u0131r. He\u00e7 g\u00f6rm\u00fcs\u00fcn\u00fczm\u00fc? \uff1f\uff1f E&amp;San sizi apar\u0131r.<\/a><\/li><li><a href=\"https:\/\/esanbottle.com\/az\/blog-5\/\">Bo\u015falma\u011fa v\u0259 k\u00f6\u00e7\u00fcrm\u0259y\u0259 ba\u015flamaq \u00fc\u00e7\u00fcn \u0259tir \u015f\u00fc\u015f\u0259l\u0259ri istehsal edilmi\u015fdir, \u00e7ox q\u0131rm\u0131z\u0131 v\u0259 h\u0259l\u0259 d\u0259 yanm\u0131\u015f g\u00f6r\u00fcn\u00fcr, lol~<\/a><\/li><li><a href=\"https:\/\/esanbottle.com\/az\/blog-6\/\">E&amp;SAN-\u0131n ciddi keyfiyy\u0259t idar\u0259etm\u0259 sistemi vasit\u0259sil\u0259 \u015f\u00fc\u015f\u0259 \u0259tir butulkalar\u0131n\u0131 nec\u0259 istehsal etm\u0259k olar<\/a><\/li><li><a href=\"https:\/\/esanbottle.com\/az\/yeni-il-t\u0259till\u0259ri\/\">Yeni il \u0259rzind\u0259 t\u0259till\u0259r<\/a><\/li><li><a href=\"https:\/\/esanbottle.com\/az\/blog-7\/\">Z\u0259hm\u0259t olmasa s\u0259naye s\u0259n\u0259tind\u0259n z\u00f6vq al\u0131n. 10.000-d\u0259n \u00e7ox \u018ftir \u015f\u00fc\u015f\u0259si q\u0259libl\u0259ri Music Rhythm<\/a><\/li><li><a href=\"https:\/\/esanbottle.com\/az\/sizinl\u0259-vyetnamda-gorusm\u0259yi-s\u0259birsizlikl\u0259-gozl\u0259yir\u0259m\/\">Sizinl\u0259 Vyetnamda g\u00f6r\u00fc\u015fm\u0259yi s\u0259birsizlikl\u0259 g\u00f6zl\u0259yir\u0259m<\/a><\/li><li><a href=\"https:\/\/esanbottle.com\/az\/were-thrilled-to-invite-you-to-meet-us-at-beautyworld-saudi-arabia-2025\/\">We\u2019re thrilled to invite you to meet us at\u00a0beautyworld Saudi Arabia 2025!<\/a><\/li><li><a href=\"https:\/\/esanbottle.com\/az\/dubay-s\u0259rgisin\u0259-d\u0259v\u0259tnam\u0259\/\">\u3010D\u0259v\u0259t\u3011?Beautyworld Middle East, Dubayda biz\u0259 qo\u015fulun!?<\/a><\/li><li><a href=\"https:\/\/esanbottle.com\/az\/2022-9-5-qazaxstan\/\">Konteynerin Qazax\u0131stana y\u00fckl\u0259nm\u0259si 5 sentyabr 2022-ci il<\/a><\/li><li><a href=\"https:\/\/esanbottle.com\/az\/bilm\u0259li-oldugunuz-xususi-\u0259tir-qablasdirma-seyl\u0259ri\/\">X\u00fcsusi \u018ftir Qabla\u015fd\u0131rmas\u0131: Bilm\u0259li oldu\u011funuz \u015feyl\u0259r<\/a><\/li><li><a href=\"https:\/\/esanbottle.com\/az\/muxt\u0259lif-nov-efir-yaglari-il\u0259-tanisliq\/\">Efir ya\u011flar\u0131n\u0131n m\u00fcxt\u0259lif n\u00f6vl\u0259rin\u0259 giri\u015f<\/a><\/li><li><a href=\"https:\/\/esanbottle.com\/az\/kosmetik-asiyada\/\">Sizi Banqkokdak\u0131 In-Cosmetics Asia-da g\u00f6zl\u0259yirik\uff01<\/a><\/li><li><a href=\"https:\/\/esanbottle.com\/az\/sizi-vyetnamda-gozl\u0259yirik\/\">Sizi Vyetnamda g\u00f6zl\u0259yirik!<\/a><\/li><li><a href=\"https:\/\/esanbottle.com\/az\/oz-\u0259tir-x\u0259ttinizi-baslamaq-ucun-sur\u0259tli-b\u0259l\u0259dci\/\">\u00d6z \u018ftir X\u0259ttiniz\u0259 Ba\u015flamaq \u00fc\u00e7\u00fcn S\u00fcr\u0259tli B\u0259l\u0259d\u00e7i<\/a><\/li><li><a href=\"https:\/\/esanbottle.com\/az\/kosmoprof-asiya\/\">Tezlikl\u0259 Cosmoprof Asia-da i\u015ftirak ed\u0259c\u0259yik.<\/a><\/li><li><a href=\"https:\/\/esanbottle.com\/az\/blog-10\/\">\u015f\u00fc\u015f\u0259 damc\u0131 aksesuarlar\u0131n\u0131n istehsal prosesi<\/a><\/li><li><a href=\"https:\/\/esanbottle.com\/az\/dubaydaki-sirk\u0259timiz\/\">Dubaydak\u0131 \u015firk\u0259timiz<\/a><\/li><li><a href=\"https:\/\/esanbottle.com\/az\/join-us-at-the-dubai-perfume-exhibition-booth-z3-g16\/\">Join Us at the Dubai Perfume Exhibition \u2013 Booth Z3-G16!<\/a><\/li><li><a href=\"https:\/\/esanbottle.com\/az\/blog-8\/\">\u0259tir \u015f\u00fc\u015f\u0259sinin qapa\u011f\u0131n\u0131n d\u0259yi\u015fdirilm\u0259si X\u00fcsusi dizayn<\/a><\/li><\/ul><\/ul><h2 class=\"kwayy-html-sitemap-post-title kwayy-page-title\">S\u0259hif\u0259l\u0259r<\/h2><ul class=\"kwayy-html-sitemap-post-list kwayy-page-list\"><ul><li><a href=\"https:\/\/esanbottle.com\/az\/\u0259tir-sus\u0259si-istehsalcilarinin-siyahisi\/\">\u018ftir \u015f\u00fc\u015f\u0259si istehsal\u00e7\u0131lar\u0131n\u0131n siyah\u0131s\u0131 &quot;Top 100&quot;<\/a><\/li><li><a href=\"https:\/\/esanbottle.com\/az\/perfume-bottle-manufacturer-capabilities\/\">Perfume Bottle Manufacturer Capabilities<\/a><\/li><li><a href=\"https:\/\/esanbottle.com\/az\/oem-odm-perfume-bottle-manufacturer\/\">OEM and ODM Perfume Bottle Development<\/a><\/li><li><a href=\"https:\/\/esanbottle.com\/az\/perfume-bottle-manufacturer-faq\/\">Perfume Bottle Manufacturer FAQ<\/a><\/li><li><a href=\"https:\/\/esanbottle.com\/az\/stock-vs-custom-perfume-bottle\/\">Stock Bottle vs Custom Perfume Bottle<\/a><\/li><li><a href=\"https:\/\/esanbottle.com\/az\/s\u0259yah\u0259t-aluminium-\u0259tir-sus\u0259si\/\">S\u0259yah\u0259t al\u00fcminium \u0259tir \u015f\u00fc\u015f\u0259si<\/a><\/li><li><a href=\"https:\/\/esanbottle.com\/az\/efir-yagi-sus\u0259si\/\">Efir ya\u011f\u0131 \u015f\u00fc\u015f\u0259si<\/a><\/li><li><a href=\"https:\/\/esanbottle.com\/az\/fantaziya-gost\u0259r\u0259n-sus\u0259\/\">Fantastik G\u00f6st\u0259ril\u0259n \u015e\u00fc\u015f\u0259<\/a><\/li><li><a href=\"https:\/\/esanbottle.com\/az\/sus\u0259-diffuzor-sus\u0259si\/\">\u015e\u00fc\u015f\u0259 Diffuzor Butulka<\/a><\/li><li><a href=\"https:\/\/esanbottle.com\/az\/sus\u0259-parfum-sus\u0259si-t\u0259miz\/\">\u015e\u00fc\u015f\u0259 \u0259tir \u015f\u00fc\u015f\u0259si t\u0259mizdir<\/a><\/li><li><a href=\"https:\/\/esanbottle.com\/az\/m\u0259hsul-kataloqu\/\">M\u0259hsul kataloqu<\/a><\/li><li><a href=\"https:\/\/esanbottle.com\/az\/sus\u0259-\u0259tir-sus\u0259si-r\u0259ngi\/\">\u015e\u00fc\u015f\u0259 \u0259tir \u015f\u00fc\u015f\u0259si r\u0259ngi<\/a><\/li><li><a href=\"https:\/\/esanbottle.com\/az\/\u0259ll\u0259r-ucun-dezinfeksiyaedici-sus\u0259\/\">\u018fll\u0259r \u00fc\u00e7\u00fcn t\u0259mizl\u0259yici \u015f\u00fc\u015f\u0259<\/a><\/li><li><a href=\"https:\/\/esanbottle.com\/az\/banka\/\">jar<\/a><\/li><li><a href=\"https:\/\/esanbottle.com\/az\/qapaq\/\">Cap<\/a><\/li><li><a href=\"https:\/\/esanbottle.com\/az\/plastik-sprey-sus\u0259si\/\">Plastik sprey \u015f\u00fc\u015f\u0259si<\/a><\/li><li><a href=\"https:\/\/esanbottle.com\/az\/nasos\/\">nasos<\/a><\/li><li><a href=\"https:\/\/esanbottle.com\/az\/roller-sus\u0259\/\">Rolik \u015f\u00fc\u015f\u0259<\/a><\/li><li><a href=\"https:\/\/esanbottle.com\/az\/movcud-ehtiyat\/\">M\u00f6vcud ehtiyat<\/a><\/li><li><a href=\"https:\/\/esanbottle.com\/az\/haqqinda\/\">Haqq\u0131nda<\/a><\/li><li><a href=\"https:\/\/esanbottle.com\/az\/yeni-dizayn\/\">Yeni Dizayn<\/a><\/li><li><a href=\"https:\/\/esanbottle.com\/az\/isti-satis-m\u0259hsulu\/\">\u0130sti sat\u0131\u015f m\u0259hsulu<\/a><\/li><li><a href=\"https:\/\/esanbottle.com\/az\/aksesuarlar-seriyasi\/\">Aksesuarlar seriyas\u0131<\/a><\/li><li><a href=\"https:\/\/esanbottle.com\/az\/blog\/\">Bloq<\/a><\/li><li><a href=\"https:\/\/esanbottle.com\/az\/blog-s\u0259hif\u0259si\/\">Bloq S\u0259hif\u0259si<\/a><\/li><li><a href=\"https:\/\/esanbottle.com\/az\/pt365c\/\">PT365C<\/a><\/li><li><a href=\"https:\/\/esanbottle.com\/az\/\u0259laq\u0259-saxlayin\/\">\u018flaq\u0259<\/a><\/li><li><a href=\"https:\/\/esanbottle.com\/az\/pt365-20ml-duz-yuvarlaq-sus\u0259-s\u0259klind\u0259-xususi-h\u0259diyy\u0259-bos-mini-20ml-sus\u0259-parfum-sus\u0259si-r\u0259ngli-sp\/\">PT365-20ml D\u00fcz D\u0259yirmi \u015e\u00fc\u015f\u0259 Formal\u0131 F\u0259rdi H\u0259diyy\u0259 Bo\u015f Mini 20ML \u015e\u00fc\u015f\u0259 \u018ftir Butulkas\u0131 R\u0259ngli Sp.<\/a><\/li><li><a href=\"https:\/\/esanbottle.com\/az\/dunya-s\u0259rgil\u0259ri\/\">Sizi Esan bottle-nin d\u00fcnya s\u0259rgisin\u0259 d\u0259v\u0259t edirik<\/a><\/li><li><a href=\"https:\/\/esanbottle.com\/az\/product\/\">M\u0259hsul<\/a><\/li><li><a href=\"https:\/\/esanbottle.com\/az\/komanda-t\u0259chizatcimiz\/\">\u018ftir \u015f\u00fc\u015f\u0259si t\u0259chizat\u00e7\u0131lar\u0131n\u0131n onlayn komandas\u0131<\/a><\/li><li><a href=\"https:\/\/esanbottle.com\/az\/faq\/\">Faq<\/a><\/li><li><a href=\"https:\/\/esanbottle.com\/az\/istehsalcilari-video\/\">Video<\/a><\/li><li><a href=\"https:\/\/esanbottle.com\/az\/\">Ev<\/a><\/li><li><a href=\"https:\/\/esanbottle.com\/az\/sus\u0259-marka-\u0259tir-sus\u0259si\/\">\u015e\u00fc\u015f\u0259 Brend \u018ftir Butulka<\/a><\/li><li><a href=\"https:\/\/esanbottle.com\/az\/t\u0259s\u0259kkur-edir\u0259m\/\">t\u0259\u015f\u0259kk\u00fcr edir\u0259m<\/a><\/li><li><a href=\"https:\/\/esanbottle.com\/az\/facebook\/\">Facebook<\/a><\/li><li><a href=\"https:\/\/esanbottle.com\/az\/m\u0259xfilik-siyas\u0259ti\/\">M\u0259xfilik Siyas\u0259ti<\/a><\/li><li><a href=\"https:\/\/esanbottle.com\/az\/s\u0259rtl\u0259r-v\u0259-s\u0259rtl\u0259r\/\">Qaydalar v\u0259 \u015e\u0259rtl\u0259r<\/a><\/li><\/ul><\/ul><\/div> <!-- .kwayy-html-sitemap-wrapper --><\/pre>","protected":false},"excerpt":{"rendered":"","protected":false},"author":1,"featured_media":0,"parent":0,"menu_order":0,"comment_status":"closed","ping_status":"closed","template":"","meta":{"jetpack_post_was_ever_published":false,"footnotes":""},"yst_prominent_words":[],"class_list":["post-918","page","type-page","status-publish","hentry"],"jetpack_sharing_enabled":true,"_links":{"self":[{"href":"https:\/\/esanbottle.com\/az\/wp-json\/wp\/v2\/pages\/918","targetHints":{"allow":["GET"]}}],"collection":[{"href":"https:\/\/esanbottle.com\/az\/wp-json\/wp\/v2\/pages"}],"about":[{"href":"https:\/\/esanbottle.com\/az\/wp-json\/wp\/v2\/types\/page"}],"author":[{"embeddable":true,"href":"https:\/\/esanbottle.com\/az\/wp-json\/wp\/v2\/users\/1"}],"replies":[{"embeddable":true,"href":"https:\/\/esanbottle.com\/az\/wp-json\/wp\/v2\/comments?post=918"}],"version-history":[{"count":0,"href":"https:\/\/esanbottle.com\/az\/wp-json\/wp\/v2\/pages\/918\/revisions"}],"wp:attachment":[{"href":"https:\/\/esanbottle.com\/az\/wp-json\/wp\/v2\/media?parent=918"}],"wp:term":[{"taxonomy":"yst_prominent_words","embeddable":true,"href":"https:\/\/esanbottle.com\/az\/wp-json\/wp\/v2\/yst_prominent_words?post=918"}],"curies":[{"name":"wp","href":"https:\/\/api.w.org\/{rel}","templated":true}]}}