{"id":8805,"date":"2021-04-20T16:08:10","date_gmt":"2021-04-20T08:08:10","guid":{"rendered":"https:\/\/esanbottle.com\/?page_id=8805"},"modified":"2021-04-20T16:08:10","modified_gmt":"2021-04-20T08:08:10","slug":"pt365-20ml-duz-yuvarlaq-sus\u0259-s\u0259klind\u0259-xususi-h\u0259diyy\u0259-bos-mini-20ml-sus\u0259-parfum-sus\u0259si-r\u0259ngli-sp","status":"publish","type":"page","link":"https:\/\/esanbottle.com\/az\/pt365-20ml-duz-yuvarlaq-sus\u0259-s\u0259klind\u0259-xususi-h\u0259diyy\u0259-bos-mini-20ml-sus\u0259-parfum-sus\u0259si-r\u0259ngli-sp\/","title":{"rendered":"PT365-20ml D\u00fcz D\u0259yirmi \u015e\u00fc\u015f\u0259 Formal\u0131 F\u0259rdi H\u0259diyy\u0259 Bo\u015f Mini 20ML \u015e\u00fc\u015f\u0259 \u018ftir Butulkas\u0131 R\u0259ngli Sp."},"content":{"rendered":"<div style=\"width: 640px;\" class=\"wp-video\"><video class=\"wp-video-shortcode\" id=\"video-8805-1\" width=\"640\" height=\"360\" preload=\"metadata\" controls=\"controls\"><source type=\"video\/mp4\" src=\"https:\/\/b.globalsources.com\/video\/2\/P8856293686_768452.mp4?_=1\" \/><a href=\"https:\/\/b.globalsources.com\/video\/2\/P8856293686_768452.mp4\">https:\/\/b.globalsources.com\/video\/2\/P8856293686_768452.mp4<\/a><\/video><\/div>\n<p><img decoding=\"async\" src=\"https:\/\/p.globalsources.com\/IMAGES\/PDT\/B1182003736\/perfume-bottle.jpg\" alt=\"ChinaPT365-20ml D\u00fcz D\u0259yirmi \u015e\u00fc\u015f\u0259 Formal\u0131 F\u0259rdi H\u0259diyy\u0259 Bo\u015f Mini 20ML \u015e\u00fc\u015f\u0259 \u018ftir \u015e\u00fc\u015f\u0259 R\u0259ngli Sp.\" \/><img decoding=\"async\" src=\"https:\/\/p.globalsources.com\/IMAGES\/PDT\/B5111810022\/perfume-bottle.jpg\" alt=\"ChinaPT365-20ml D\u00fcz D\u0259yirmi \u015e\u00fc\u015f\u0259 Formal\u0131 F\u0259rdi H\u0259diyy\u0259 Bo\u015f Mini 20ML \u015e\u00fc\u015f\u0259 \u018ftir \u015e\u00fc\u015f\u0259 R\u0259ngli Sp.\" \/><img decoding=\"async\" src=\"https:\/\/p.globalsources.com\/IMAGES\/PDT\/B5111810027\/perfume-bottle.jpg\" alt=\"ChinaPT365-20ml D\u00fcz D\u0259yirmi \u015e\u00fc\u015f\u0259 Formal\u0131 F\u0259rdi H\u0259diyy\u0259 Bo\u015f Mini 20ML \u015e\u00fc\u015f\u0259 \u018ftir \u015e\u00fc\u015f\u0259 R\u0259ngli Sp.\" \/><img decoding=\"async\" src=\"https:\/\/p.globalsources.com\/IMAGES\/PDT\/B5111810030\/perfume-bottle.jpg\" alt=\"ChinaPT365-20ml D\u00fcz D\u0259yirmi \u015e\u00fc\u015f\u0259 Formal\u0131 F\u0259rdi H\u0259diyy\u0259 Bo\u015f Mini 20ML \u015e\u00fc\u015f\u0259 \u018ftir \u015e\u00fc\u015f\u0259 R\u0259ngli Sp.\" \/><img decoding=\"async\" src=\"https:\/\/p.globalsources.com\/IMAGES\/PDT\/B5111810035\/perfume-bottle.jpg\" alt=\"ChinaPT365-20ml D\u00fcz D\u0259yirmi \u015e\u00fc\u015f\u0259 Formal\u0131 F\u0259rdi H\u0259diyy\u0259 Bo\u015f Mini 20ML \u015e\u00fc\u015f\u0259 \u018ftir \u015e\u00fc\u015f\u0259 R\u0259ngli Sp.\" \/><img decoding=\"async\" src=\"https:\/\/p.globalsources.com\/IMAGES\/PDT\/B5111810039\/perfume-bottle.jpg\" alt=\"ChinaPT365-20ml D\u00fcz D\u0259yirmi \u015e\u00fc\u015f\u0259 Formal\u0131 F\u0259rdi H\u0259diyy\u0259 Bo\u015f Mini 20ML \u015e\u00fc\u015f\u0259 \u018ftir \u015e\u00fc\u015f\u0259 R\u0259ngli Sp.\" \/><\/p>\n<h3 class=\"pp_secSubTit\">\u018fsas Spesifikasiyalar\/X\u00fcsusi X\u00fcsusiyy\u0259tl\u0259r:<\/h3>\n<div class=\"txt_edit_area\">\n<ul>\n<li>Madd\u0259 d\u0259y\u0259ri<\/li>\n<li>S\u0259thi idar\u0259 ed\u0259n sprey r\u0259ngl\u0259ri<\/li>\n<li>S\u0259naye \u0130stifad\u0259si \u015e\u0259xsi Bax\u0131m<\/li>\n<li>\u018fsas material \u015e\u00fc\u015f\u0259<\/li>\n<li>Korpus Material\u0131 \u015e\u00fc\u015f\u0259<\/li>\n<li>Yaxa Material\u0131 Al\u00fcminium Nebulizer +UV CAP<\/li>\n<li>S\u0131zd\u0131rmazl\u0131q N\u00f6v\u00fc NASOS P\u00dc\u00c7\u00dcC\u00dc<\/li>\n<li>\u018ftird\u0259n istifad\u0259 edin<\/li>\n<li>M\u0259n\u015f\u0259 yeri ZHEjiang<\/li>\n<li>Model n\u00f6mr\u0259si PT365-20ml<\/li>\n<li>Brend ad\u0131 ESAN<\/li>\n<\/ul>\n<\/div>\n<div class=\"tpl_cont\">\n<div class=\"tpl_cmTpl tpl_vImg clearfix\">\n<div class=\"tpl_img_uploadWrap tpl_img_uploaded\"><img decoding=\"async\" class=\"tpl_img_uploaded_img lazy\" src=\"https:\/\/p.globalsources.com\/IMAGES\/PDT\/B5111810017\/perfume-bottle.jpg\" alt=\"\" data-original=\"https:\/\/p.globalsources.com\/IMAGES\/PDT\/B5111810017\/perfume-bottle.jpg\" \/><\/div>\n<div class=\"tpl_txt_editor tpl_cmEditor\"><\/div>\n<\/div>\n<div class=\"tpl_cmTpl tpl_sImg_sImg clearfix\">\n<div class=\"tpl_img_col\">\n<div class=\"tpl_img_uploadWrap tpl_img_uploaded\"><img decoding=\"async\" class=\"tpl_img_uploaded_img lazy\" src=\"https:\/\/p.globalsources.com\/IMAGES\/PDT\/B5111810025\/perfume-bottle.jpg\" alt=\"\" data-original=\"https:\/\/p.globalsources.com\/IMAGES\/PDT\/B5111810025\/perfume-bottle.jpg\" \/><\/div>\n<div class=\"tpl_txt_editor tpl_cmEditor\"><\/div>\n<\/div>\n<div class=\"tpl_img_col\">\n<div class=\"tpl_img_uploadWrap tpl_img_uploaded\"><img decoding=\"async\" class=\"tpl_img_uploaded_img lazy\" src=\"https:\/\/p.globalsources.com\/IMAGES\/PDT\/B5111810026\/perfume-bottle.jpg\" alt=\"\" data-original=\"https:\/\/p.globalsources.com\/IMAGES\/PDT\/B5111810026\/perfume-bottle.jpg\" \/><\/div>\n<div class=\"tpl_txt_editor tpl_cmEditor\"><\/div>\n<\/div>\n<\/div>\n<div class=\"tpl_cmTpl tpl_sImg_sImg clearfix\">\n<div class=\"tpl_img_col\">\n<div class=\"tpl_img_uploadWrap tpl_img_uploaded\"><img decoding=\"async\" class=\"tpl_img_uploaded_img lazy\" src=\"https:\/\/p.globalsources.com\/IMAGES\/PDT\/B5111810033\/perfume-bottle.jpg\" alt=\"\" data-original=\"https:\/\/p.globalsources.com\/IMAGES\/PDT\/B5111810033\/perfume-bottle.jpg\" \/><\/div>\n<div class=\"tpl_txt_editor tpl_cmEditor\"><\/div>\n<\/div>\n<div class=\"tpl_img_col\">\n<div class=\"tpl_img_uploadWrap tpl_img_uploaded\"><img decoding=\"async\" class=\"tpl_img_uploaded_img lazy\" src=\"https:\/\/p.globalsources.com\/IMAGES\/PDT\/B5111810034\/perfume-bottle.jpg\" alt=\"\" data-original=\"https:\/\/p.globalsources.com\/IMAGES\/PDT\/B5111810034\/perfume-bottle.jpg\" \/><\/div>\n<div class=\"tpl_txt_editor tpl_cmEditor\"><\/div>\n<\/div>\n<\/div>\n<div class=\"tpl_cmTpl tpl_blueTable clearfix\">\n<div class=\"tpl_table_editor tpl_cmEditor\">\n<table>\n<tbody>\n<tr>\n<td>madd\u0259<\/td>\n<td>d\u0259y\u0259r<\/td>\n<td>\n<ul>\n<li>Yaxa material\u0131<\/li>\n<\/ul>\n<\/td>\n<td>Al\u00fcminium+UV<\/td>\n<\/tr>\n<tr>\n<td>S\u0259thl\u0259 i\u015fl\u0259m\u0259<\/td>\n<td>sprey r\u0259ngl\u0259ri<\/td>\n<td>\n<ul>\n<li>S\u0131zd\u0131rmazl\u0131q n\u00f6v\u00fc<\/li>\n<\/ul>\n<\/td>\n<td>PUMP P\u00dcSK\u00dcR\u018fYICI<\/td>\n<\/tr>\n<tr>\n<td>S\u0259naye \u0130stifad\u0259si<\/td>\n<td>\u015e\u0259xsi Bax\u0131m<\/td>\n<td>\n<ul>\n<li>istifad\u0259 edin<\/li>\n<\/ul>\n<\/td>\n<td>\u018ftir<\/td>\n<\/tr>\n<tr>\n<td>\u018fsas material<\/td>\n<td>\u015e\u00fc\u015f\u0259<\/td>\n<td>\n<ul>\n<li>M\u0259n\u015f\u0259 yeri<\/li>\n<\/ul>\n<\/td>\n<td>Zhejiang<\/td>\n<\/tr>\n<\/tbody>\n<\/table>\n<\/div>\n<\/div>\n<\/div>\n<p><img decoding=\"async\" src=\"https:\/\/p.globalsources.com\/IMAGES\/PDT\/B5111810043\/perfume-bottle.jpg\" alt=\"ChinaPT365-20ml D\u00fcz D\u0259yirmi \u015e\u00fc\u015f\u0259 Formal\u0131 F\u0259rdi H\u0259diyy\u0259 Bo\u015f Mini 20ML \u015e\u00fc\u015f\u0259 \u018ftir \u015e\u00fc\u015f\u0259 R\u0259ngli Sp.\" \/><\/p>","protected":false},"excerpt":{"rendered":"<p>Key Specifications\/Special Features: Item\u00a0\u00a0\u00a0 \u00a0 \u00a0 \u00a0 \u00a0 \u00a0 \u00a0 \u00a0 \u00a0 \u00a0 \u00a0 \u00a0 \u00a0value Surface Handling\u00a0\u00a0\u00a0\u00a0\u00a0\u00a0spray colors Industrial Use\u00a0\u00a0 \u00a0 \u00a0 \u00a0 \u00a0 \u00a0Personal Care Base Material\u00a0\u00a0\u00a0 \u00a0 \u00a0 \u00a0 \u00a0 Glass Body Material\u00a0 \u00a0 \u00a0 \u00a0 \u00a0 \u00a0Glass Collar Material\u00a0\u00a0 \u00a0 \u00a0 \u00a0 \u00a0Aluminum Nebulizer +UV CAP Sealing Type\u00a0 \u00a0 \u00a0 \u00a0 [&hellip;]<\/p>\n","protected":false},"author":2,"featured_media":0,"parent":0,"menu_order":0,"comment_status":"closed","ping_status":"closed","template":"","meta":{"jetpack_post_was_ever_published":false,"footnotes":""},"yst_prominent_words":[],"class_list":["post-8805","page","type-page","status-publish","hentry"],"jetpack_sharing_enabled":true,"_links":{"self":[{"href":"https:\/\/esanbottle.com\/az\/wp-json\/wp\/v2\/pages\/8805","targetHints":{"allow":["GET"]}}],"collection":[{"href":"https:\/\/esanbottle.com\/az\/wp-json\/wp\/v2\/pages"}],"about":[{"href":"https:\/\/esanbottle.com\/az\/wp-json\/wp\/v2\/types\/page"}],"author":[{"embeddable":true,"href":"https:\/\/esanbottle.com\/az\/wp-json\/wp\/v2\/users\/2"}],"replies":[{"embeddable":true,"href":"https:\/\/esanbottle.com\/az\/wp-json\/wp\/v2\/comments?post=8805"}],"version-history":[{"count":0,"href":"https:\/\/esanbottle.com\/az\/wp-json\/wp\/v2\/pages\/8805\/revisions"}],"wp:attachment":[{"href":"https:\/\/esanbottle.com\/az\/wp-json\/wp\/v2\/media?parent=8805"}],"wp:term":[{"taxonomy":"yst_prominent_words","embeddable":true,"href":"https:\/\/esanbottle.com\/az\/wp-json\/wp\/v2\/yst_prominent_words?post=8805"}],"curies":[{"name":"wp","href":"https:\/\/api.w.org\/{rel}","templated":true}]}}