{"id":502,"date":"2018-03-08T09:15:42","date_gmt":"2018-03-08T09:15:42","guid":{"rendered":"http:\/\/leadbeauty.newbtb.com\/?page_id=502"},"modified":"2021-06-11T10:16:08","modified_gmt":"2021-06-11T02:16:08","slug":"m\u0259xfilik-siyas\u0259ti","status":"publish","type":"page","link":"https:\/\/esanbottle.com\/az\/m\u0259xfilik-siyas\u0259ti\/","title":{"rendered":"M\u0259xfilik Siyas\u0259ti"},"content":{"rendered":"<p>Biz kimik<\/p>\n<p>Sayt\u0131m\u0131z<\/p>\n<p>Biz hans\u0131 \u015f\u0259xsi m\u0259lumatlar\u0131 toplay\u0131r\u0131q v\u0259 niy\u0259 toplay\u0131r\u0131q?<\/p>\n<p>\u015e\u0259rhl\u0259r<\/p>\n<p>Ziyar\u0259t\u00e7il\u0259r saytda \u015f\u0259rhl\u0259r buraxd\u0131qda, spam a\u015fkarlanmas\u0131na k\u00f6m\u0259k etm\u0259k \u00fc\u00e7\u00fcn \u015f\u0259rh formas\u0131nda g\u00f6st\u0259ril\u0259n m\u0259lumatlar\u0131, h\u0259m\u00e7inin ziyar\u0259t\u00e7inin IP \u00fcnvan\u0131 v\u0259 brauzer istifad\u0259\u00e7i agenti s\u0259tirini toplay\u0131r\u0131q.<\/p>\n<p>E-po\u00e7t \u00fcnvan\u0131n\u0131zdan yarad\u0131lm\u0131\u015f anonim s\u0259tir (h\u0259m\u00e7inin hash adlan\u0131r) ondan istifad\u0259 edib-etm\u0259diyinizi g\u00f6rm\u0259k \u00fc\u00e7\u00fcn Gravatar xidm\u0259tin\u0259 t\u0259qdim edil\u0259 bil\u0259r. Gravatar xidm\u0259tinin m\u0259xfilik siyas\u0259ti burada m\u00f6vcuddur: https:\/\/automattic.com\/privacy\/. \u015e\u0259rhiniz t\u0259sdiql\u0259ndikd\u0259n sonra profil \u015f\u0259kliniz \u015f\u0259rhinizin kontekstind\u0259 ictimaiyy\u0259t\u0259 g\u00f6r\u00fcn\u00fcr.<\/p>\n<p>Media<\/p>\n<p>\u015e\u0259kill\u0259ri vebsayta y\u00fckl\u0259s\u0259niz, daxil edilmi\u015f yer m\u0259lumat\u0131 (EXIF GPS) olan \u015f\u0259kill\u0259ri y\u00fckl\u0259m\u0259kd\u0259n \u00e7\u0259kinm\u0259lisiniz. Vebsayt\u0131n ziyar\u0259t\u00e7il\u0259ri veb-saytdak\u0131 \u015f\u0259kill\u0259rd\u0259n ist\u0259nil\u0259n yer m\u0259lumat\u0131n\u0131 y\u00fckl\u0259y\u0259 v\u0259 \u00e7\u0131xara bil\u0259rl\u0259r.<\/p>\n<p>\u018flaq\u0259 formalar\u0131<\/p>\n<p>Kukil\u0259r<\/p>\n<p>Sayt\u0131m\u0131zda \u015f\u0259rh buraxsan\u0131z, ad\u0131n\u0131z\u0131, e-po\u00e7t \u00fcnvan\u0131n\u0131z\u0131 v\u0259 veb sayt\u0131n\u0131z\u0131 kukil\u0259rd\u0259 saxlamaq \u00fc\u00e7\u00fcn qo\u015fula bil\u0259rsiniz. Bunlar sizin rahatl\u0131\u011f\u0131n\u0131z \u00fc\u00e7\u00fcnd\u00fcr ki, ba\u015fqa bir \u015f\u0259rh yazark\u0259n t\u0259f\u0259rr\u00fcatlar\u0131n\u0131z\u0131 yenid\u0259n doldurmaq m\u0259cburiyy\u0259tind\u0259 qalmayas\u0131n\u0131z. Bu pe\u00e7enyel\u0259r bir il davam ed\u0259c\u0259k.<\/p>\n<p>\u018fg\u0259r hesab\u0131n\u0131z varsa v\u0259 bu sayta daxil olursunuzsa, brauzerinizin kukil\u0259ri q\u0259bul edib-etm\u0259diyini m\u00fc\u0259yy\u0259n etm\u0259k \u00fc\u00e7\u00fcn m\u00fcv\u0259qq\u0259ti kuki t\u0259yin ed\u0259c\u0259yik. Bu kuki he\u00e7 bir \u015f\u0259xsi m\u0259lumat ehtiva etmir v\u0259 siz brauzerinizi ba\u011flad\u0131\u011f\u0131n\u0131z zaman silinir.<\/p>\n<p>Siz daxil oldu\u011funuz zaman, biz h\u0259m\u00e7inin giri\u015f m\u0259lumatlar\u0131n\u0131z\u0131 v\u0259 ekran se\u00e7iml\u0259rinizi saxlamaq \u00fc\u00e7\u00fcn bir ne\u00e7\u0259 kuki qura\u015fd\u0131raca\u011f\u0131q. Giri\u015f kukil\u0259ri iki g\u00fcn, ekran se\u00e7iml\u0259ri kukil\u0259ri is\u0259 bir il davam edir. \u201cM\u0259ni yadda saxla\u201d se\u00e7s\u0259niz, qeydiniz iki h\u0259ft\u0259 davam ed\u0259c\u0259k. Hesab\u0131n\u0131zdan \u00e7\u0131xsan\u0131z, giri\u015f kukil\u0259ri silin\u0259c\u0259k.<\/p>\n<p>\u018fg\u0259r m\u0259qal\u0259ni redakt\u0259 ets\u0259niz v\u0259 ya d\u0259rc ets\u0259niz, brauzerinizd\u0259 \u0259lav\u0259 kuki yadda saxlan\u0131lacaq. Bu kuki he\u00e7 bir \u015f\u0259xsi m\u0259lumat\u0131 ehtiva etmir v\u0259 sad\u0259c\u0259 redakt\u0259 etdiyiniz m\u0259qal\u0259nin po\u00e7t ID-sini g\u00f6st\u0259rir. 1 g\u00fcnd\u0259n sonra m\u00fcdd\u0259ti bitir.<\/p>\n<p>Dig\u0259r veb saytlardan daxil edilmi\u015f m\u0259zmun<br \/>\nBu saytdak\u0131 m\u0259qal\u0259l\u0259r daxil edilmi\u015f m\u0259zmunu (m\u0259s\u0259l\u0259n, Videolar, \u015f\u0259kill\u0259r, m\u0259qal\u0259l\u0259r v\u0259 s.) ehtiva ed\u0259 bil\u0259r. Dig\u0259r veb-saytlardan daxil edilmi\u015f m\u0259zmun, ziyar\u0259t\u00e7inin dig\u0259r veb-sayt\u0131 ziyar\u0259t etdiyi kimi davran\u0131r.<\/p>\n<p>Bu veb-saytlar sizin haqq\u0131n\u0131zda m\u0259lumat toplaya, kukil\u0259rd\u0259n istifad\u0259 ed\u0259, \u0259lav\u0259 \u00fc\u00e7\u00fcnc\u00fc t\u0259r\u0259f izl\u0259m\u0259 yerl\u0259\u015fdir\u0259 v\u0259 bu daxil edilmi\u015f m\u0259zmunla qar\u015f\u0131l\u0131ql\u0131 \u0259laq\u0259niz\u0259, o c\u00fcml\u0259d\u0259n hesab\u0131n\u0131z varsa v\u0259 h\u0259min vebsayta daxil olsan\u0131z, daxil edilmi\u015f m\u0259zmunla qar\u015f\u0131l\u0131ql\u0131 \u0259laq\u0259nizi izl\u0259y\u0259 bil\u0259r.<\/p>\n<p>Analitika<\/p>\n<p>M\u0259lumatlar\u0131n\u0131z\u0131 kiminl\u0259 payla\u015f\u0131r\u0131q<\/p>\n<p>M\u0259lumatlar\u0131n\u0131z\u0131 n\u0259 q\u0259d\u0259r m\u00fcdd\u0259t\u0259 saxlayaca\u011f\u0131q<\/p>\n<p>\u015e\u0259rh buraxsan\u0131z, \u015f\u0259rh v\u0259 onun metadatas\u0131 qeyri-m\u00fc\u0259yy\u0259n m\u00fcdd\u0259t\u0259 saxlan\u0131l\u0131r. Bu ona g\u00f6r\u0259dir ki, biz h\u0259r hans\u0131 t\u0259qib \u015f\u0259rhl\u0259rini moderasiya n\u00f6vb\u0259sind\u0259 saxlamaq \u0259v\u0259zin\u0259 avtomatik olaraq tan\u0131ya v\u0259 t\u0259sdiq ed\u0259 bil\u0259k.<\/p>\n<p>Veb sayt\u0131m\u0131zda qeydiyyatdan ke\u00e7\u0259n istifad\u0259\u00e7il\u0259r \u00fc\u00e7\u00fcn (\u0259g\u0259r varsa) onlar\u0131n t\u0259qdim etdiyi \u015f\u0259xsi m\u0259lumatlar\u0131 da \u00f6z istifad\u0259\u00e7i profilind\u0259 saxlay\u0131r\u0131q. B\u00fct\u00fcn istifad\u0259\u00e7il\u0259r ist\u0259nil\u0259n vaxt \u015f\u0259xsi m\u0259lumatlar\u0131n\u0131 g\u00f6r\u0259, redakt\u0259 ed\u0259 v\u0259 ya sil\u0259 bil\u0259r (istifad\u0259\u00e7i adlar\u0131n\u0131 d\u0259yi\u015f\u0259 bilm\u0259dikl\u0259ri istisna olmaqla). Veb sayt administratorlar\u0131 da h\u0259min m\u0259lumatlar\u0131 g\u00f6r\u0259 v\u0259 redakt\u0259 ed\u0259 bil\u0259rl\u0259r.<\/p>\n<p>M\u0259lumatlar\u0131n\u0131z \u00fcz\u0259rind\u0259 hans\u0131 h\u00fcquqlar\u0131n\u0131z var<\/p>\n<p>Bu saytda hesab\u0131n\u0131z varsa v\u0259 ya \u015f\u0259rhl\u0259riniz varsa, biz\u0259 t\u0259qdim etdiyiniz h\u0259r hans\u0131 m\u0259lumat da daxil olmaqla, haqq\u0131n\u0131zda saxlad\u0131\u011f\u0131m\u0131z \u015f\u0259xsi m\u0259lumatlar\u0131n ixrac edilmi\u015f fayl\u0131n\u0131 \u0259ld\u0259 etm\u0259yi t\u0259l\u0259b ed\u0259 bil\u0259rsiniz. Siz h\u0259m\u00e7inin sizin haqq\u0131n\u0131zda saxlad\u0131\u011f\u0131m\u0131z h\u0259r hans\u0131 \u015f\u0259xsi m\u0259lumat\u0131 silm\u0259yimizi xahi\u015f ed\u0259 bil\u0259rsiniz. Bu, inzibati, h\u00fcquqi v\u0259 ya t\u0259hl\u00fck\u0259sizlik m\u0259qs\u0259dl\u0259ri \u00fc\u00e7\u00fcn saxlama\u011fa borclu oldu\u011fumuz h\u0259r hans\u0131 m\u0259lumat\u0131 \u0259hat\u0259 etmir.<\/p>\n<p>M\u0259lumatlar\u0131n\u0131z\u0131 hara g\u00f6nd\u0259ririk<\/p>\n<p>Ziyar\u0259t\u00e7i \u015f\u0259rhl\u0259ri avtomatik spam a\u015fkarlama xidm\u0259ti vasit\u0259sil\u0259 yoxlana bil\u0259r.<\/p>\n<p>\u018flaq\u0259 m\u0259lumat\u0131n\u0131z<\/p>\n<p>\u018flav\u0259 m\u0259lumat<\/p>\n<p>M\u0259lumatlar\u0131n\u0131z\u0131 nec\u0259 qoruyuruq<\/p>\n<p>Bizd\u0259 hans\u0131 m\u0259lumatlar\u0131n pozulmas\u0131 prosedurlar\u0131 var<\/p>\n<p>Hans\u0131 \u00fc\u00e7\u00fcnc\u00fc t\u0259r\u0259fl\u0259rd\u0259n m\u0259lumat al\u0131r\u0131q<\/p>\n<p>Biz istifad\u0259\u00e7i m\u0259lumatlar\u0131 il\u0259 hans\u0131 avtomatla\u015fd\u0131r\u0131lm\u0131\u015f q\u0259rar q\u0259bulu v\u0259\/v\u0259 ya profill\u0259\u015fdirm\u0259 edirik<\/p>\n<p>S\u0259naye t\u0259nziml\u0259yicisinin a\u00e7\u0131qlama t\u0259l\u0259bl\u0259ri<\/p>","protected":false},"excerpt":{"rendered":"<p>Who we are Our website What personal data do we collect and why do we collect it? Comments When visitors leave comments on the site we collect data shown in the comments form, and also the visitor\u2019s IP address and browser user agent string to help spam detection. An anonymized string created from your email [&hellip;]<\/p>\n","protected":false},"author":1,"featured_media":0,"parent":0,"menu_order":0,"comment_status":"closed","ping_status":"closed","template":"","meta":{"jetpack_post_was_ever_published":false,"footnotes":""},"yst_prominent_words":[],"class_list":["post-502","page","type-page","status-publish","hentry"],"jetpack_sharing_enabled":true,"_links":{"self":[{"href":"https:\/\/esanbottle.com\/az\/wp-json\/wp\/v2\/pages\/502","targetHints":{"allow":["GET"]}}],"collection":[{"href":"https:\/\/esanbottle.com\/az\/wp-json\/wp\/v2\/pages"}],"about":[{"href":"https:\/\/esanbottle.com\/az\/wp-json\/wp\/v2\/types\/page"}],"author":[{"embeddable":true,"href":"https:\/\/esanbottle.com\/az\/wp-json\/wp\/v2\/users\/1"}],"replies":[{"embeddable":true,"href":"https:\/\/esanbottle.com\/az\/wp-json\/wp\/v2\/comments?post=502"}],"version-history":[{"count":0,"href":"https:\/\/esanbottle.com\/az\/wp-json\/wp\/v2\/pages\/502\/revisions"}],"wp:attachment":[{"href":"https:\/\/esanbottle.com\/az\/wp-json\/wp\/v2\/media?parent=502"}],"wp:term":[{"taxonomy":"yst_prominent_words","embeddable":true,"href":"https:\/\/esanbottle.com\/az\/wp-json\/wp\/v2\/yst_prominent_words?post=502"}],"curies":[{"name":"wp","href":"https:\/\/api.w.org\/{rel}","templated":true}]}}