{"id":11621,"date":"2023-02-22T16:25:32","date_gmt":"2023-02-22T08:25:32","guid":{"rendered":"https:\/\/esanbottle.com\/?page_id=11621"},"modified":"2023-02-22T16:53:51","modified_gmt":"2023-02-22T08:53:51","slug":"dunya-s\u0259rgil\u0259ri","status":"publish","type":"page","link":"https:\/\/esanbottle.com\/az\/dunya-s\u0259rgil\u0259ri\/","title":{"rendered":"Sizi Esan bottle-nin d\u00fcnya s\u0259rgisin\u0259 d\u0259v\u0259t edirik"},"content":{"rendered":"<p style=\"text-align: center;\"><span style=\"font-size: 24pt; color: #339966;\">Sizi Esan bottle-nin d\u00fcnya s\u0259rgisin\u0259 d\u0259v\u0259t edirik<\/span><\/p>\n<div class=\"single-icon-box mb-10\">\n<div class=\"icon-box-content\"><\/div>\n<\/div>\n<div class=\"single-icon-box\">\n<div class=\"icon-box-content\">\n<p>15 ildir ki, \u0259tir \u015f\u00fc\u015f\u0259si istehsal\u0131na diqq\u0259t yetir\u0259r\u0259k, \u00c7ind\u0259 \u0259tir \u015f\u00fc\u015f\u0259l\u0259ri sah\u0259sind\u0259 lider olduq v\u0259 d\u00fcnya bazar\u0131n\u0131 geni\u015fl\u0259ndirm\u0259k \u00fc\u00e7\u00fcn d\u00fcnya s\u0259rgil\u0259rind\u0259 i\u015ftirak etm\u0259k \u00fc\u00e7\u00fcn Dubayda filial a\u00e7d\u0131q.<\/p>\n<div class=\"single-icon-box mb-10\">\n<div class=\"icon-box-content\">\n<h3 class=\"title\" style=\"text-align: right;\">\u018fLAQ\u018f<\/h3>\n<p class=\"content\" style=\"text-align: right;\">Ofis: (86) 13355791639<\/p>\n<\/div>\n<\/div>\n<div class=\"single-icon-box\">\n<div class=\"icon-box-content\">\n<p class=\"content\" style=\"text-align: right;\">E-po\u00e7t: kevin.guo@esanbottle.com<\/p>\n<\/div>\n<\/div>\n<p style=\"text-align: center;\">\n<\/div>\n<\/div>\n<table style=\"border-collapse: collapse; width: 100%; height: 322px;\">\n<tbody>\n<tr style=\"height: 25px;\">\n<td style=\"width: 19.6969%; height: 81px;\"><span style=\"font-size: 12pt;\">27 iyul ~ 29 iyul 2023-c\u00fc il<\/span><\/td>\n<td style=\"width: 34.7042%; height: 81px;\"><span style=\"font-size: 12pt;\">Vyetnamda Ho Chi Minh Beauty Expo 2023<\/span><\/td>\n<td style=\"width: 45.5988%; height: 81px;\"><span style=\"font-size: 12pt;\">Vyetnam \u2013 Ho Chi Minh City \u2013 799 Nguyen Van Linh, Tan Phu Ward, Dist 7 \u2013 Ho Chi Minh Saigon Konqres M\u0259rk\u0259zi<\/span><\/td>\n<\/tr>\n<tr style=\"height: 24px;\">\n<td style=\"width: 19.6969%; height: 66px;\"><span style=\"font-size: 12pt;\">07 noyabr ~ noyabr 09, 2023<\/span><\/td>\n<td style=\"width: 34.7042%; height: 66px;\"><span style=\"font-size: 12pt;\">Tayland\u0131n Banqkok \u015f\u0259h\u0259rind\u0259 Kosmetik Qabla\u015fd\u0131rma S\u0259rgisi 2023<\/span><\/td>\n<td style=\"width: 45.5988%; height: 66px;\"><span style=\"font-size: 12pt;\">Thailand-Bangkok-88 Bangna-Trad Road, Bangna, Bangkok 10260-Bangkok Beyn\u0259lxalq Ticar\u0259t v\u0259 S\u0259rgi M\u0259rk\u0259zi<\/span><\/td>\n<\/tr>\n<tr style=\"height: 24px;\">\n<td style=\"width: 19.6969%; height: 50px;\"><span style=\"font-size: 12pt;\">30 oktyabr-noyabr. 1, 2023<\/span><\/td>\n<td style=\"width: 34.7042%; height: 50px;\"><span style=\"font-size: 12pt;\">2023 Yax\u0131n \u015e\u0259rq (Dubay) Beyn\u0259lxalq G\u00f6z\u0259llik \u015eousu<\/span><\/td>\n<td style=\"width: 45.5988%; height: 50px;\"><span style=\"font-size: 12pt;\">Dubay D\u00fcnya Ticar\u0259t M\u0259rk\u0259zi<\/span><\/td>\n<\/tr>\n<tr style=\"height: 24px;\">\n<td style=\"width: 19.6969%; height: 70px;\"><span style=\"font-size: 12pt;\">15 noyabr ~ noyabr 17, 2023<\/span><\/td>\n<td style=\"width: 34.7042%; height: 70px;\"><span style=\"font-size: 12pt;\">Cosmoprof Asiya Sakit Okean 2023<\/span><\/td>\n<td style=\"width: 45.5988%; height: 70px;\"><span style=\"font-size: 12pt;\">\u00c7in RTHK \u2013 Honq Konq \u2013 1 Expo Drive, Wanchai Rayonu \u2013 Honq Konq Konqres v\u0259 S\u0259rgi M\u0259rk\u0259zi<\/span><\/td>\n<\/tr>\n<tr style=\"height: 25px;\">\n<td style=\"width: 19.6969%; height: 55px;\"><span style=\"font-size: 14pt;\"><strong>Vaxt<\/strong><\/span><\/td>\n<td style=\"width: 34.7042%; height: 55px;\"><span style=\"font-size: 14pt;\"><strong><span style=\"vertical-align: inherit;\"><span style=\"vertical-align: inherit;\">S\u0259rginin ad\u0131<\/span><\/span><\/strong><\/span><\/td>\n<td style=\"width: 45.5988%; height: 55px;\"><span style=\"font-size: 14pt;\"><strong>\u00dcnvan<\/strong><\/span><\/td>\n<\/tr>\n<\/tbody>\n<\/table>\n<p><iframe src=\"\/\/www.youtube.com\/embed\/mPJ0wARzQYw\" width=\"100%\" height=\"314\" allowfullscreen=\"allowfullscreen\"><\/iframe><\/p>\n<p data-wp-editing=\"1\"><img decoding=\"async\" class=\"alignnone size-medium wp-image-11485 jetpack-lazy-image jetpack-lazy-image--handled alignleft\" src=\"https:\/\/esanbottle.com\/wp-content\/uploads\/2022\/12\/24b0a8c1e3020f8ae3163b32728686c2-300x300.jpg\" sizes=\"(max-width: 300px) 100vw, 300px\" srcset=\"https:\/\/esanbottle.com\/wp-content\/uploads\/2022\/12\/24b0a8c1e3020f8ae3163b32728686c2-300x300.jpg 300w, https:\/\/esanbottle.com\/wp-content\/uploads\/2022\/12\/24b0a8c1e3020f8ae3163b32728686c2-1024x1024.jpg 1024w, https:\/\/esanbottle.com\/wp-content\/uploads\/2022\/12\/24b0a8c1e3020f8ae3163b32728686c2-150x150.jpg 150w, https:\/\/esanbottle.com\/wp-content\/uploads\/2022\/12\/24b0a8c1e3020f8ae3163b32728686c2-768x768.jpg 768w, https:\/\/esanbottle.com\/wp-content\/uploads\/2022\/12\/24b0a8c1e3020f8ae3163b32728686c2-1536x1536.jpg 1536w, https:\/\/esanbottle.com\/wp-content\/uploads\/2022\/12\/24b0a8c1e3020f8ae3163b32728686c2-2048x2048.jpg 2048w\" alt=\"\" width=\"300\" height=\"300\" data-lazy-loaded=\"1\" \/> \u00a0<img decoding=\"async\" class=\"alignnone size-medium wp-image-11487 jetpack-lazy-image jetpack-lazy-image--handled alignleft\" src=\"https:\/\/esanbottle.com\/wp-content\/uploads\/2022\/12\/7929f935c98db18aa724fbd50ffe863e-300x300.jpg\" sizes=\"(max-width: 300px) 100vw, 300px\" srcset=\"https:\/\/esanbottle.com\/wp-content\/uploads\/2022\/12\/7929f935c98db18aa724fbd50ffe863e-300x300.jpg 300w, https:\/\/esanbottle.com\/wp-content\/uploads\/2022\/12\/7929f935c98db18aa724fbd50ffe863e-1024x1024.jpg 1024w, https:\/\/esanbottle.com\/wp-content\/uploads\/2022\/12\/7929f935c98db18aa724fbd50ffe863e-150x150.jpg 150w, https:\/\/esanbottle.com\/wp-content\/uploads\/2022\/12\/7929f935c98db18aa724fbd50ffe863e-768x768.jpg 768w, https:\/\/esanbottle.com\/wp-content\/uploads\/2022\/12\/7929f935c98db18aa724fbd50ffe863e-1536x1536.jpg 1536w, https:\/\/esanbottle.com\/wp-content\/uploads\/2022\/12\/7929f935c98db18aa724fbd50ffe863e-2048x2048.jpg 2048w\" alt=\"\" width=\"300\" height=\"300\" data-lazy-loaded=\"1\" \/> \u00a0 <img decoding=\"async\" class=\"alignleft\" src=\"https:\/\/esanbottle.com\/wp-content\/uploads\/2022\/12\/2bafeecda079f6a2ba08cc1b11d52221-300x300.jpg\" \/><\/p>\n<div class=\"jfk-bubble gtx-bubble\" style=\"visibility: visible; left: 10px; top: 57px; opacity: 1;\" role=\"alertdialog\" aria-describedby=\"bubble-2\">\n<div class=\"jfk-bubble-closebtn-id jfk-bubble-closebtn\" tabindex=\"0\" role=\"button\" aria-label=\"Ba\u011flay\u0131n\"><\/div>\n<div class=\"jfk-bubble-arrow-id jfk-bubble-arrow jfk-bubble-arrowup\" style=\"left: 693.312px;\">\n<div class=\"jfk-bubble-arrowimplbefore\">\n<div class=\"single-icon-box mb-10\">\n<div class=\"icon-box-content\"><\/div>\n<\/div>\n<div class=\"single-icon-box\">\n<div class=\"icon-box-content\">\n<p class=\"content\" style=\"text-align: right;\">\n<\/div>\n<\/div>\n<\/div>\n<div class=\"jfk-bubble-arrowimplafter\"><\/div>\n<\/div>\n<\/div>","protected":false},"excerpt":{"rendered":"<p>You are cordially invited to Esan bottle&#8217;s world exhibition Focusing on perfume bottle manufacturing for 15 years, we have become the head in the field of perfume bottles in China, and in order to expand the world market, we opened a subsidiary in Dubai to participate in exhibitions to the world CONTACT Office: (86) 13355791639 [&hellip;]<\/p>\n","protected":false},"author":1,"featured_media":0,"parent":0,"menu_order":0,"comment_status":"closed","ping_status":"closed","template":"","meta":{"jetpack_post_was_ever_published":false,"footnotes":""},"yst_prominent_words":[],"class_list":["post-11621","page","type-page","status-publish","hentry"],"jetpack_sharing_enabled":true,"_links":{"self":[{"href":"https:\/\/esanbottle.com\/az\/wp-json\/wp\/v2\/pages\/11621","targetHints":{"allow":["GET"]}}],"collection":[{"href":"https:\/\/esanbottle.com\/az\/wp-json\/wp\/v2\/pages"}],"about":[{"href":"https:\/\/esanbottle.com\/az\/wp-json\/wp\/v2\/types\/page"}],"author":[{"embeddable":true,"href":"https:\/\/esanbottle.com\/az\/wp-json\/wp\/v2\/users\/1"}],"replies":[{"embeddable":true,"href":"https:\/\/esanbottle.com\/az\/wp-json\/wp\/v2\/comments?post=11621"}],"version-history":[{"count":12,"href":"https:\/\/esanbottle.com\/az\/wp-json\/wp\/v2\/pages\/11621\/revisions"}],"predecessor-version":[{"id":11642,"href":"https:\/\/esanbottle.com\/az\/wp-json\/wp\/v2\/pages\/11621\/revisions\/11642"}],"wp:attachment":[{"href":"https:\/\/esanbottle.com\/az\/wp-json\/wp\/v2\/media?parent=11621"}],"wp:term":[{"taxonomy":"yst_prominent_words","embeddable":true,"href":"https:\/\/esanbottle.com\/az\/wp-json\/wp\/v2\/yst_prominent_words?post=11621"}],"curies":[{"name":"wp","href":"https:\/\/api.w.org\/{rel}","templated":true}]}}